{"id":678,"date":"2025-10-23T18:34:07","date_gmt":"2025-10-23T18:34:07","guid":{"rendered":"https:\/\/fa.dtx.mx\/?page_id=678"},"modified":"2025-11-11T16:30:18","modified_gmt":"2025-11-11T16:30:18","slug":"laboratorios","status":"publish","type":"page","link":"https:\/\/fa.dtx.mx\/?page_id=678","title":{"rendered":"LABORATORIOS"},"content":{"rendered":"\t\t<div data-elementor-type=\"wp-page\" data-elementor-id=\"678\" class=\"elementor elementor-678\" data-elementor-post-type=\"page\">\n\t\t\t\t<div class=\"elementor-element elementor-element-6f984d7 e-flex e-con-boxed e-con e-parent\" data-id=\"6f984d7\" data-element_type=\"container\">\n\t\t\t\t\t<div class=\"e-con-inner\">\n\t\t\t\t<div class=\"elementor-element elementor-element-0b97a43 elementor-widget elementor-widget-image\" data-id=\"0b97a43\" data-element_type=\"widget\" data-widget_type=\"image.default\">\n\t\t\t\t\t\t\t\t\t\t\t\t\t\t\t<img fetchpriority=\"high\" decoding=\"async\" width=\"2070\" height=\"1352\" src=\"https:\/\/fa.dtx.mx\/wp-content\/uploads\/2025\/10\/Screenshot-2025-08-06-at-11.41.08-a.m.png\" class=\"attachment-full size-full wp-image-523\" alt=\"\" srcset=\"https:\/\/fa.dtx.mx\/wp-content\/uploads\/2025\/10\/Screenshot-2025-08-06-at-11.41.08-a.m.png 2070w, https:\/\/fa.dtx.mx\/wp-content\/uploads\/2025\/10\/Screenshot-2025-08-06-at-11.41.08-a.m-300x196.png 300w, https:\/\/fa.dtx.mx\/wp-content\/uploads\/2025\/10\/Screenshot-2025-08-06-at-11.41.08-a.m-1024x669.png 1024w, https:\/\/fa.dtx.mx\/wp-content\/uploads\/2025\/10\/Screenshot-2025-08-06-at-11.41.08-a.m-768x502.png 768w, https:\/\/fa.dtx.mx\/wp-content\/uploads\/2025\/10\/Screenshot-2025-08-06-at-11.41.08-a.m-1536x1003.png 1536w, https:\/\/fa.dtx.mx\/wp-content\/uploads\/2025\/10\/Screenshot-2025-08-06-at-11.41.08-a.m-2048x1338.png 2048w\" sizes=\"(max-width: 2070px) 100vw, 2070px\" \/>\t\t\t\t\t\t\t\t\t\t\t\t\t\t\t<\/div>\n\t\t\t\t\t<\/div>\n\t\t\t\t<\/div>\n\t\t<div class=\"elementor-element elementor-element-2432d68 e-flex e-con-boxed e-con e-parent\" data-id=\"2432d68\" data-element_type=\"container\">\n\t\t\t\t\t<div class=\"e-con-inner\">\n\t\t\t\t<div class=\"elementor-element elementor-element-a7b1914 elementor-widget-divider--view-line elementor-widget elementor-widget-divider\" data-id=\"a7b1914\" data-element_type=\"widget\" data-widget_type=\"divider.default\">\n\t\t\t\t\t\t\t<div class=\"elementor-divider\">\n\t\t\t<span class=\"elementor-divider-separator\">\n\t\t\t\t\t\t<\/span>\n\t\t<\/div>\n\t\t\t\t\t\t<\/div>\n\t\t\t\t<div class=\"elementor-element elementor-element-017f4df elementor-widget elementor-widget-heading\" data-id=\"017f4df\" data-element_type=\"widget\" data-widget_type=\"heading.default\">\n\t\t\t\t\t<h2 class=\"elementor-heading-title elementor-size-default\">LABORATORIOS<\/h2>\t\t\t\t<\/div>\n\t\t\t\t<div class=\"elementor-element elementor-element-4981a3d elementor-widget-divider--view-line elementor-widget elementor-widget-divider\" data-id=\"4981a3d\" data-element_type=\"widget\" data-widget_type=\"divider.default\">\n\t\t\t\t\t\t\t<div class=\"elementor-divider\">\n\t\t\t<span class=\"elementor-divider-separator\">\n\t\t\t\t\t\t<\/span>\n\t\t<\/div>\n\t\t\t\t\t\t<\/div>\n\t\t\t\t\t<\/div>\n\t\t\t\t<\/div>\n\t\t<div class=\"elementor-element elementor-element-68a1908 e-flex e-con-boxed e-con e-parent\" data-id=\"68a1908\" data-element_type=\"container\">\n\t\t\t\t\t<div class=\"e-con-inner\">\n\t\t\t\t<div class=\"elementor-element elementor-element-a3ef80a elementor-widget elementor-widget-heading\" data-id=\"a3ef80a\" data-element_type=\"widget\" data-widget_type=\"heading.default\">\n\t\t\t\t\t<h2 class=\"elementor-heading-title elementor-size-default\">Los laboratorios son espacios de vital importancia para la ense\u00f1anza y la investigaci\u00f3n en diversas disciplinas. En la licenciatura, los laboratorios permiten a las y los estudiantes aplicar los conocimientos te\u00f3ricos adquiridos en clase a trav\u00e9s de experimentos pr\u00e1cticos, promoviendo el aprendizaje activo y el desarrollo de habilidades t\u00e9cnicas. \nEn el posgrado, los laboratorios son cruciales para la investigaci\u00f3n avanzada, proporcionando un entorno donde las y los investigadores pueden llevar a cabo experimentos, recopilar datos y realizar an\u00e1lisis para contribuir al avance del conocimiento en su campo espec\u00edfico. Adem\u00e1s, en ambos niveles educativos, los laboratorios fomentan el trabajo en equipo, la resoluci\u00f3n de problemas y la creatividad, preparando a las y los estudiantes para enfrentar los desaf\u00edos del mundo real en sus carreras profesionales.<\/h2>\t\t\t\t<\/div>\n\t\t\t\t\t<\/div>\n\t\t\t\t<\/div>\n\t\t<div class=\"elementor-element elementor-element-ec5fb25 e-flex e-con-boxed e-con e-parent\" data-id=\"ec5fb25\" data-element_type=\"container\">\n\t\t\t\t\t<div class=\"e-con-inner\">\n\t\t\t\t<div class=\"elementor-element elementor-element-56fea2e elementor-widget-divider--view-line elementor-widget elementor-widget-divider\" data-id=\"56fea2e\" data-element_type=\"widget\" data-widget_type=\"divider.default\">\n\t\t\t\t\t\t\t<div class=\"elementor-divider\">\n\t\t\t<span class=\"elementor-divider-separator\">\n\t\t\t\t\t\t<\/span>\n\t\t<\/div>\n\t\t\t\t\t\t<\/div>\n\t\t\t\t\t<\/div>\n\t\t\t\t<\/div>\n\t\t<div class=\"elementor-element elementor-element-3ab96ae e-con-full e-flex e-con e-parent\" data-id=\"3ab96ae\" data-element_type=\"container\">\n\t\t\t\t<div class=\"elementor-element elementor-element-96f4fcb elementor-widget__width-initial elementor-widget elementor-widget-heading\" data-id=\"96f4fcb\" data-element_type=\"widget\" data-widget_type=\"heading.default\">\n\t\t\t\t\t<h2 class=\"elementor-heading-title elementor-size-default\">LABORATORIOS<\/h2>\t\t\t\t<\/div>\n\t\t\t\t<\/div>\n\t\t<div class=\"elementor-element elementor-element-a8a046b e-flex e-con-boxed elementor-invisible e-con e-parent\" data-id=\"a8a046b\" data-element_type=\"container\" data-settings=\"{&quot;animation&quot;:&quot;fadeInDown&quot;}\">\n\t\t\t\t\t<div class=\"e-con-inner\">\n\t\t\t\t<div class=\"elementor-element elementor-element-891e7fe elementor-widget elementor-widget-spacer\" data-id=\"891e7fe\" data-element_type=\"widget\" data-widget_type=\"spacer.default\">\n\t\t\t\t\t\t\t<div class=\"elementor-spacer\">\n\t\t\t<div class=\"elementor-spacer-inner\"><\/div>\n\t\t<\/div>\n\t\t\t\t\t\t<\/div>\n\t\t\t\t<div class=\"elementor-element elementor-element-997cd96 e-n-tabs-mobile elementor-invisible elementor-widget elementor-widget-n-tabs\" data-id=\"997cd96\" data-element_type=\"widget\" data-settings=\"{&quot;_animation&quot;:&quot;fadeInDown&quot;,&quot;horizontal_scroll&quot;:&quot;disable&quot;}\" data-widget_type=\"nested-tabs.default\">\n\t\t\t\t\t\t\t<div class=\"e-n-tabs\" data-widget-number=\"160943510\" aria-label=\"Tabs. Open items with Enter or Space, close with Escape and navigate using the Arrow keys.\">\n\t\t\t<div class=\"e-n-tabs-heading\" role=\"tablist\">\n\t\t\t\t\t<button id=\"e-n-tab-title-1609435101\" class=\"e-n-tab-title\" aria-selected=\"true\" data-tab-index=\"1\" role=\"tab\" tabindex=\"0\" aria-controls=\"e-n-tab-content-1609435101\" style=\"--n-tabs-title-order: 1;\">\n\t\t\t\t\t\t<span class=\"e-n-tab-title-text\">\n\t\t\t\tLABORATORIOS LICENCIATURAS\t\t\t<\/span>\n\t\t<\/button>\n\t\t\t\t<button id=\"e-n-tab-title-1609435102\" class=\"e-n-tab-title\" aria-selected=\"false\" data-tab-index=\"2\" role=\"tab\" tabindex=\"-1\" aria-controls=\"e-n-tab-content-1609435102\" style=\"--n-tabs-title-order: 2;\">\n\t\t\t\t\t\t<span class=\"e-n-tab-title-text\">\n\t\t\t\tLABORATORIOS POSGRADOS\t\t\t<\/span>\n\t\t<\/button>\n\t\t\t\t<button id=\"e-n-tab-title-1609435103\" class=\"e-n-tab-title\" aria-selected=\"false\" data-tab-index=\"3\" role=\"tab\" tabindex=\"-1\" aria-controls=\"e-n-tab-content-1609435103\" style=\"--n-tabs-title-order: 3;\">\n\t\t\t\t\t\t<span class=\"e-n-tab-title-text\">\n\t\t\t\tLABORATORIOS CIAUP\t\t\t<\/span>\n\t\t<\/button>\n\t\t\t\t\t<\/div>\n\t\t\t<div class=\"e-n-tabs-content\">\n\t\t\t\t<div id=\"e-n-tab-content-1609435101\" role=\"tabpanel\" aria-labelledby=\"e-n-tab-title-1609435101\" data-tab-index=\"1\" style=\"--n-tabs-title-order: 1;\" class=\"e-active elementor-element elementor-element-1cd33a3 e-con-full e-flex e-con e-child\" data-id=\"1cd33a3\" data-element_type=\"container\">\n\t\t\t\t<div class=\"elementor-element elementor-element-4798a00 elementor-widget elementor-widget-text-editor\" data-id=\"4798a00\" data-element_type=\"widget\" data-widget_type=\"text-editor.default\">\n\t\t\t\t\t\t\t\t\t<h5><span dir=\"auto\" style=\"vertical-align: inherit;\"><span dir=\"auto\" style=\"vertical-align: inherit;\"><span dir=\"auto\" style=\"vertical-align: inherit;\">\u2022 Vivienda<\/span><\/span><\/span><\/h5><p><strong><span style=\"font-size: 16px;\"><span dir=\"auto\" style=\"vertical-align: inherit;\"><span dir=\"auto\" style=\"vertical-align: inherit;\"><span dir=\"auto\" style=\"vertical-align: inherit;\">Dr. Ernesto Alva Mart\u00ednez \/ Arq. Alejandro Su\u00e1rez Parey\u00f3n \/ Mtra. en Arquitectura Mariana Borja Rodr\u00edguez<\/span><\/span><\/span><\/span><\/strong><\/p><div class=\"text-[#615d59] block px-[18px] py-[42px]\"><div class=\"flex flex-col xl:flex-row -mx-[10px]\"><div class=\"flex-1 px-[10px]\"><div class=\"mb-4\"><div class=\"mb-2\"><p><span dir=\"auto\" style=\"vertical-align: inherit;\"><span dir=\"auto\" style=\"vertical-align: inherit;\"><span dir=\"auto\" style=\"vertical-align: inherit;\">Movilidad e Infraestructura Verde<\/span><\/span><\/span><\/p><\/div><div class=\"space-y-4\"><p dir=\"ltr\"><span dir=\"auto\" style=\"vertical-align: inherit;\"><span dir=\"auto\" style=\"vertical-align: inherit;\"><span dir=\"auto\" style=\"vertical-align: inherit;\">\u200bMDS Antonio Su\u00e1rez Bonilla<\/span><\/span><\/span><\/p><p dir=\"ltr\">\u00a0<\/p><\/div><\/div><\/div><\/div><\/div><div class=\"flex flex-col xl:flex-row -mx-[10px]\"><div class=\"flex-1 px-[10px]\"><div class=\"mb-4\"><div class=\"mb-2\"><h5><span dir=\"auto\" style=\"vertical-align: inherit;\"><span dir=\"auto\" style=\"vertical-align: inherit;\"><span dir=\"auto\" style=\"vertical-align: inherit;\">\u2022 Materiales y Sistemas Estructurales (LMSE)<\/span><\/span><\/span><\/h5><\/div><div class=\"font-hankengrotesk font-medium\"><div class=\"space-y-4\"><p><strong><span dir=\"auto\" style=\"vertical-align: inherit;\"><span dir=\"auto\" style=\"vertical-align: inherit;\"><span dir=\"auto\" style=\"vertical-align: inherit;\">Dr. Alberto Mucino V\u00e9lez<\/span><\/span><\/span><\/strong><\/p><\/div><\/div><\/div><\/div><\/div><div class=\"flex flex-col xl:flex-row -mx-[10px]\"><div class=\"flex-1 px-[10px]\"><div class=\"mb-4\"><div class=\"mb-2\"><h5><span dir=\"auto\" style=\"vertical-align: inherit;\"><span dir=\"auto\" style=\"vertical-align: inherit;\"><span dir=\"auto\" style=\"vertical-align: inherit;\">Editorial de Arquitectura (LEA)<\/span><\/span><\/span><\/h5><\/div><div class=\"font-hankengrotesk font-medium\"><div class=\"space-y-4\"><p dir=\"ltr\"><strong><span dir=\"auto\" style=\"vertical-align: inherit;\"><span dir=\"auto\" style=\"vertical-align: inherit;\"><span dir=\"auto\" style=\"vertical-align: inherit;\">Mtra. Cristina L\u00f3pez Uribe\/Mtro. Salvador Liz\u00e1rraga S\u00e1nchez<\/span><\/span><\/span><\/strong><\/p><p dir=\"ltr\"><em><a href=\"https:\/\/sites.google.com\/fa.unam.mx\/leaweb\" target=\"_blank\" rel=\"noreferrer noopener\"><span dir=\"auto\" style=\"vertical-align: inherit;\"><span dir=\"auto\" style=\"vertical-align: inherit;\"><span dir=\"auto\" style=\"vertical-align: inherit;\">Haga clic aqu\u00ed para m\u00e1s informaci\u00f3n<\/span><\/span><\/span><\/a><\/em><\/p><\/div><\/div><\/div><\/div><\/div><div class=\"flex flex-col xl:flex-row -mx-[10px]\"><div class=\"flex-1 px-[10px]\"><div class=\"mb-4\"><div class=\"mb-2\"><h5><span dir=\"auto\" style=\"vertical-align: inherit;\"><span dir=\"auto\" style=\"vertical-align: inherit;\"><span dir=\"auto\" style=\"vertical-align: inherit;\">\u2022 H\u00e1bitat Participaci\u00f3n y G\u00e9nero (LAHAS)<\/span><\/span><\/span><\/h5><\/div><div class=\"font-hankengrotesk font-medium\"><div class=\"space-y-4\"><p><strong><span dir=\"auto\" style=\"vertical-align: inherit;\"><span dir=\"auto\" style=\"vertical-align: inherit;\"><span dir=\"auto\" style=\"vertical-align: inherit;\">Arq. Mar\u00eda de Lourdes Garc\u00eda V\u00e1zquez<\/span><\/span><\/span><\/strong><\/p><\/div><\/div><\/div><div><nav><h5><span dir=\"auto\" style=\"vertical-align: inherit;\"><span dir=\"auto\" style=\"vertical-align: inherit;\"><span dir=\"auto\" style=\"vertical-align: inherit;\">\u2022 Entornos Sostenibles (LES)<\/span><\/span><\/span><\/h5><p><strong><span dir=\"auto\" style=\"vertical-align: inherit;\"><span dir=\"auto\" style=\"vertical-align: inherit;\"><span dir=\"auto\" style=\"vertical-align: inherit;\">Dra. Adriana Lira Oliver<\/span><\/span><\/span><\/strong><\/p><\/nav><\/div><\/div><\/div><div class=\"text-[#615d59] block px-[18px] py-[42px]\"><div class=\"flex flex-col xl:flex-row -mx-[10px]\"><div class=\"flex-1 px-[10px]\"><div class=\"mb-4\"><h5><span dir=\"auto\" style=\"vertical-align: inherit;\"><span dir=\"auto\" style=\"vertical-align: inherit;\"><span dir=\"auto\" style=\"vertical-align: inherit;\">\u2022 Arquitectura + Dise\u00f1o y Tecnolog\u00eda Experimental (LATE)<\/span><\/span><\/span><\/h5><div class=\"font-hankengrotesk font-medium\"><div class=\"space-y-4\"><p><strong><span dir=\"auto\" style=\"vertical-align: inherit;\"><span dir=\"auto\" style=\"vertical-align: inherit;\"><span dir=\"auto\" style=\"vertical-align: inherit;\">Dr. Ronan Bola\u00f1os Linares<\/span><\/span><\/span><\/strong><\/p><\/div><\/div><\/div><\/div><\/div><\/div>\t\t\t\t\t\t\t\t<\/div>\n\t\t\t\t<\/div>\n\t\t<div id=\"e-n-tab-content-1609435102\" role=\"tabpanel\" aria-labelledby=\"e-n-tab-title-1609435102\" data-tab-index=\"2\" style=\"--n-tabs-title-order: 2;\" class=\" elementor-element elementor-element-8f4d421 e-con-full e-flex e-con e-child\" data-id=\"8f4d421\" data-element_type=\"container\">\n\t\t\t\t<div class=\"elementor-element elementor-element-88990f5 elementor-widget elementor-widget-text-editor\" data-id=\"88990f5\" data-element_type=\"widget\" data-widget_type=\"text-editor.default\">\n\t\t\t\t\t\t\t\t\t<div class=\"text-[#615d59] block px-[18px] py-[42px]\"><div class=\"flex flex-col xl:flex-row -mx-[10px]\"><div class=\"flex-1 px-[10px]\"><div class=\"mb-4\"><div class=\"\"><h5><strong><span dir=\"auto\" style=\"vertical-align: inherit;\"> Macroergonom\u00eda<\/span><\/strong><\/h5><\/div><\/div><p><strong>\u2022 \u200bInvestigaci\u00f3n del Posgrado Dise\u00f1o Industrial<\/strong><\/p><\/div><\/div><\/div><div class=\"flex flex-col xl:flex-row -mx-[10px]\"><div class=\"flex-1 px-[10px]\"><p><span style=\"font-size: 16px;\">\u2022 Interacci\u00f3n con el medio<\/span><\/p><p><strong style=\"font-size: 16px;\">\u2022 Iluminaci\u00f3n arquitect\u00f3nica<\/strong><\/p><\/div><\/div><div class=\"text-[#615d59] block px-[18px] py-[42px]\"><div class=\"flex flex-col xl:flex-row -mx-[10px]\"><div class=\"flex-1 px-[10px]\"><div class=\"mb-4\"><div class=\"\"><p><strong><span dir=\"auto\" style=\"vertical-align: inherit;\">\u2022 Conservaci\u00f3n del Patrimonio Natural y Cultural<\/span><\/strong><\/p><\/div><\/div><\/div><\/div><\/div>\t\t\t\t\t\t\t\t<\/div>\n\t\t\t\t<\/div>\n\t\t<div id=\"e-n-tab-content-1609435103\" role=\"tabpanel\" aria-labelledby=\"e-n-tab-title-1609435103\" data-tab-index=\"3\" style=\"--n-tabs-title-order: 3;\" class=\" elementor-element elementor-element-2562cd6 e-con-full e-flex e-con e-child\" data-id=\"2562cd6\" data-element_type=\"container\">\n\t\t\t\t<div class=\"elementor-element elementor-element-f4a212a elementor-widget elementor-widget-text-editor\" data-id=\"f4a212a\" data-element_type=\"widget\" data-widget_type=\"text-editor.default\">\n\t\t\t\t\t\t\t\t\t<div class=\"text-[#615d59] block px-[18px] py-[42px]\"><div class=\"flex flex-col xl:flex-row -mx-[10px]\"><div class=\"flex-1 px-[10px]\"><div class=\"mb-4\"><div class=\"mb-2\"><h5><span dir=\"auto\" style=\"vertical-align: inherit;\">\u2022 Grupo de Estudio de las Emociones M\u00e9xico<\/span><\/h5><\/div><div class=\"font-hankengrotesk font-medium\"><div class=\"space-y-4\"><p><strong><span dir=\"auto\" style=\"vertical-align: inherit;\">Dra. Johanna Lozoya Meckes<\/span><\/strong><\/p><p><span dir=\"auto\" style=\"vertical-align: inherit;\">y.lozoya@fa.unam.mx<\/span><\/p><\/div><\/div><\/div><div>\u00a0<\/div><\/div><\/div><\/div><div class=\"text-[#615d59] block px-[18px] py-[42px]\"><div class=\"flex flex-col xl:flex-row -mx-[10px]\"><div class=\"flex-1 px-[10px]\"><div class=\"mb-4\"><div class=\"mb-2\"><h5><span dir=\"auto\" style=\"vertical-align: inherit;\">\u2022 Sistemas de Informaci\u00f3n, Monitoreo y Modelaci\u00f3n Urbana y de Vivienda<\/span><\/h5><\/div><div class=\"font-hankengrotesk font-medium\"><div class=\"space-y-4\"><p><strong><span dir=\"auto\" style=\"vertical-align: inherit;\">Dr. Jorge F. Cervantes Borja.<\/span><\/strong><\/p><\/div><\/div><\/div><div>\u00a0<\/div><\/div><\/div><\/div><div class=\"text-[#615d59] block px-[18px] py-[42px]\"><div class=\"flex flex-col xl:flex-row -mx-[10px]\"><div class=\"px-[10px]\"><div class=\"w-[87px]\">\u00a0<\/div><\/div><div class=\"flex-1 px-[10px]\"><div class=\"mb-4\"><div class=\"mb-2\"><h5><span dir=\"auto\" style=\"vertical-align: inherit;\">\u2022 Procedimientos y Sistemas Constructivos Tradicionales<\/span><\/h5><\/div><div class=\"font-hankengrotesk font-medium\"><div class=\"space-y-4\"><p dir=\"ltr\"><strong><span dir=\"auto\" style=\"vertical-align: inherit;\">Dra. Mar\u00eda de los \u00c1ngeles Vizcarra de los Reyes<\/span><\/strong><\/p><\/div><\/div><\/div><div>\u00a0<\/div><\/div><\/div><\/div><div class=\"text-[#615d59] block px-[18px] py-[42px]\"><div class=\"flex flex-col xl:flex-row -mx-[10px]\"><div class=\"flex-1 px-[10px]\"><div class=\"mb-4\"><div class=\"mb-2\"><h5><span dir=\"auto\" style=\"vertical-align: inherit;\">\u2022 Planeaci\u00f3n Urbana y Regional<\/span><\/h5><\/div><div class=\"font-hankengrotesk font-medium\"><div class=\"space-y-4\"><p><strong><span dir=\"auto\" style=\"vertical-align: inherit;\">Dr. Fernando Greene Castillo<\/span><\/strong><\/p><\/div><p>\u00a0<\/p><\/div><\/div><\/div><\/div><\/div><div class=\"text-[#615d59] block px-[18px] py-[42px]\"><div class=\"flex flex-col xl:flex-row -mx-[10px]\"><div class=\"flex-1 px-[10px]\"><div class=\"mb-4\"><div class=\"mb-2\"><h5><span dir=\"auto\" style=\"vertical-align: inherit;\">\u2022 Estructuras Ligeras<\/span><\/h5><\/div><div class=\"font-hankengrotesk font-medium\"><div class=\"space-y-4\"><p><strong><span dir=\"auto\" style=\"vertical-align: inherit;\">Dr. Juan Gerardo Oliva Salinas y Dr. Juan Gerardo<\/span><\/strong><\/p><p>\u00a0<\/p><\/div><\/div><\/div><\/div><\/div><\/div><div class=\"text-[#615d59] block px-[18px] py-[42px]\"><div class=\"flex flex-col xl:flex-row -mx-[10px]\"><div class=\"flex-1 px-[10px]\"><div class=\"mb-4\"><div class=\"mb-2\"><h5><span dir=\"auto\" style=\"vertical-align: inherit;\">\u2022 \u00c1reas Verdes y Espacios P\u00fablicos (LAVEP)<\/span><\/h5><\/div><div class=\"font-hankengrotesk font-medium\"><div class=\"space-y-4\"><p><strong><span dir=\"auto\" style=\"vertical-align: inherit;\">Dra. Amaya Larrucea Garritz\u00a0<\/span><\/strong><\/p><\/div><\/div><\/div><\/div><\/div><\/div>\t\t\t\t\t\t\t\t<\/div>\n\t\t\t\t<\/div>\n\t\t\t\t\t<\/div>\n\t\t<\/div>\n\t\t\t\t\t\t<\/div>\n\t\t\t\t\t<\/div>\n\t\t\t\t<\/div>\n\t\t<div class=\"elementor-element elementor-element-f1c3955 e-flex e-con-boxed e-con e-parent\" data-id=\"f1c3955\" data-element_type=\"container\">\n\t\t\t\t\t<div class=\"e-con-inner\">\n\t\t\t\t<div class=\"elementor-element elementor-element-5080a71 elementor-widget elementor-widget-spacer\" data-id=\"5080a71\" data-element_type=\"widget\" data-widget_type=\"spacer.default\">\n\t\t\t\t\t\t\t<div class=\"elementor-spacer\">\n\t\t\t<div class=\"elementor-spacer-inner\"><\/div>\n\t\t<\/div>\n\t\t\t\t\t\t<\/div>\n\t\t\t\t\t<\/div>\n\t\t\t\t<\/div>\n\t\t\t\t<\/div>\n\t\t","protected":false},"excerpt":{"rendered":"<p>LABORATORIOS Los laboratorios son espacios de vital importancia para la ense\u00f1anza y la investigaci\u00f3n en diversas disciplinas. En la licenciatura, los laboratorios permiten a las y los estudiantes aplicar los conocimientos te\u00f3ricos adquiridos en clase a trav\u00e9s de experimentos pr\u00e1cticos, promoviendo el aprendizaje activo y el desarrollo de habilidades t\u00e9cnicas. En el posgrado, los laboratorios [&hellip;]<\/p>\n","protected":false},"author":1,"featured_media":0,"parent":0,"menu_order":0,"comment_status":"closed","ping_status":"closed","template":"","meta":{"footnotes":""},"class_list":["post-678","page","type-page","status-publish","hentry"],"_links":{"self":[{"href":"https:\/\/fa.dtx.mx\/index.php?rest_route=\/wp\/v2\/pages\/678","targetHints":{"allow":["GET"]}}],"collection":[{"href":"https:\/\/fa.dtx.mx\/index.php?rest_route=\/wp\/v2\/pages"}],"about":[{"href":"https:\/\/fa.dtx.mx\/index.php?rest_route=\/wp\/v2\/types\/page"}],"author":[{"embeddable":true,"href":"https:\/\/fa.dtx.mx\/index.php?rest_route=\/wp\/v2\/users\/1"}],"replies":[{"embeddable":true,"href":"https:\/\/fa.dtx.mx\/index.php?rest_route=%2Fwp%2Fv2%2Fcomments&post=678"}],"version-history":[{"count":43,"href":"https:\/\/fa.dtx.mx\/index.php?rest_route=\/wp\/v2\/pages\/678\/revisions"}],"predecessor-version":[{"id":1679,"href":"https:\/\/fa.dtx.mx\/index.php?rest_route=\/wp\/v2\/pages\/678\/revisions\/1679"}],"wp:attachment":[{"href":"https:\/\/fa.dtx.mx\/index.php?rest_route=%2Fwp%2Fv2%2Fmedia&parent=678"}],"curies":[{"name":"wp","href":"https:\/\/api.w.org\/{rel}","templated":true}]}}