{"id":1786,"date":"2025-11-20T21:11:43","date_gmt":"2025-11-20T21:11:43","guid":{"rendered":"https:\/\/fa.dtx.mx\/?page_id=1786"},"modified":"2025-11-20T21:39:40","modified_gmt":"2025-11-20T21:39:40","slug":"domingo-garcia-ramos","status":"publish","type":"page","link":"https:\/\/fa.dtx.mx\/?page_id=1786","title":{"rendered":"TALLER DOMINGO GARC\u00cdA RAMOS"},"content":{"rendered":"\t\t<div data-elementor-type=\"wp-page\" data-elementor-id=\"1786\" class=\"elementor elementor-1786\" data-elementor-post-type=\"page\">\n\t\t\t\t<div class=\"elementor-element elementor-element-5cf9519 e-flex e-con-boxed e-con e-parent\" data-id=\"5cf9519\" data-element_type=\"container\">\n\t\t\t\t\t<div class=\"e-con-inner\">\n\t\t<div class=\"elementor-element elementor-element-fe2a3b9 e-grid e-con-full e-con e-child\" data-id=\"fe2a3b9\" data-element_type=\"container\">\n\t\t\t\t<div class=\"elementor-element elementor-element-bdfa140 elementor-widget elementor-widget-heading\" data-id=\"bdfa140\" data-element_type=\"widget\" data-widget_type=\"heading.default\">\n\t\t\t\t\t<h2 class=\"elementor-heading-title elementor-size-default\">TALLER DOMINGO GARC\u00cdA RAMOS<\/h2>\t\t\t\t<\/div>\n\t\t\t\t<div class=\"elementor-element elementor-element-f9e3cd6 elementor-widget elementor-widget-image\" data-id=\"f9e3cd6\" data-element_type=\"widget\" data-widget_type=\"image.default\">\n\t\t\t\t\t\t\t\t\t\t\t\t\t\t\t<img fetchpriority=\"high\" decoding=\"async\" width=\"800\" height=\"662\" src=\"https:\/\/fa.dtx.mx\/wp-content\/uploads\/2025\/10\/Domingo-Ramos-1024x847.png\" class=\"attachment-large size-large wp-image-1011\" alt=\"\" srcset=\"https:\/\/fa.dtx.mx\/wp-content\/uploads\/2025\/10\/Domingo-Ramos-1024x847.png 1024w, https:\/\/fa.dtx.mx\/wp-content\/uploads\/2025\/10\/Domingo-Ramos-300x248.png 300w, https:\/\/fa.dtx.mx\/wp-content\/uploads\/2025\/10\/Domingo-Ramos-768x635.png 768w, https:\/\/fa.dtx.mx\/wp-content\/uploads\/2025\/10\/Domingo-Ramos-1536x1270.png 1536w, https:\/\/fa.dtx.mx\/wp-content\/uploads\/2025\/10\/Domingo-Ramos-2048x1693.png 2048w\" sizes=\"(max-width: 800px) 100vw, 800px\" \/>\t\t\t\t\t\t\t\t\t\t\t\t\t\t\t<\/div>\n\t\t\t\t<\/div>\n\t\t\t\t\t<\/div>\n\t\t\t\t<\/div>\n\t\t<div class=\"elementor-element elementor-element-476f372 e-flex e-con-boxed e-con e-parent\" data-id=\"476f372\" data-element_type=\"container\">\n\t\t\t\t\t<div class=\"e-con-inner\">\n\t\t\t\t<div class=\"elementor-element elementor-element-6eb13c2 elementor-widget-divider--view-line elementor-widget elementor-widget-divider\" data-id=\"6eb13c2\" data-element_type=\"widget\" data-widget_type=\"divider.default\">\n\t\t\t\t\t\t\t<div class=\"elementor-divider\">\n\t\t\t<span class=\"elementor-divider-separator\">\n\t\t\t\t\t\t<\/span>\n\t\t<\/div>\n\t\t\t\t\t\t<\/div>\n\t\t\t\t\t<\/div>\n\t\t\t\t<\/div>\n\t\t<div class=\"elementor-element elementor-element-a3a7c5a e-flex e-con-boxed e-con e-parent\" data-id=\"a3a7c5a\" data-element_type=\"container\">\n\t\t\t\t\t<div class=\"e-con-inner\">\n\t\t<div class=\"elementor-element elementor-element-e44ae1f e-grid e-con-full e-con e-child\" data-id=\"e44ae1f\" data-element_type=\"container\">\n\t\t\t\t<div class=\"elementor-element elementor-element-f786825 elementor-widget elementor-widget-text-editor\" data-id=\"f786825\" data-element_type=\"widget\" data-widget_type=\"text-editor.default\">\n\t\t\t\t\t\t\t\t\t<p dir=\"ltr\">El taller Domingo Garc\u00eda Ramos surge de la corriente arquitect\u00f3nica, formada por las unidades acad\u00e9micas de talleres de letras de la entonces Escuela Nacional de Arquitectura. Reconocido como taller B o &#8220;Arq. Domingo Garc\u00eda Ramos&#8221;, siendo uno de los exponentes m\u00e1s importantes de M\u00e9xico.<\/p><p dir=\"ltr\">Nuestra planta acad\u00e9mica ha estado activa y comprometida en la formaci\u00f3n de arquitectos y arquitectas durante m\u00e1s de 30 a\u00f1os. Nos enfocamos en brindar los fundamentos t\u00e9cnicos, art\u00edsticos y \u00e9ticos necesarios a los y las estudiantes para que sean capaces de identificar los conceptos y ra\u00edces de la arquitectura nacional, as\u00ed como de tener una capacidad anal\u00edtica para comprender las nuevas tendencias en arquitectura a nivel global.<\/p><p dir=\"ltr\">En el taller, consideramos al objeto urbano arquitect\u00f3nico como un sistema integrado en su entorno y contexto. Mediante ejercicios que abordan tem\u00e1ticas actuales y ejes transversales, establecemos v\u00ednculos con entidades p\u00fablicas y privadas en diversos proyectos y concursos. Adem\u00e1s, fomentamos la participaci\u00f3n activa de la comunidad a trav\u00e9s de pr\u00e1cticas de campo, permiti\u00e9ndoles una identificaci\u00f3n plena con el Taller. Tambi\u00e9n priorizamos la actualizaci\u00f3n del alumnado mediante la b\u00fasqueda de cursos y conferencias relevantes.<\/p><p dir=\"ltr\">Nuestro taller se enorgullece de contar con una planta docente de alto nivel acad\u00e9mico, profesional y pedag\u00f3gico, lo que garantiza una formaci\u00f3n de calidad para los y las estudiantes.<\/p>\t\t\t\t\t\t\t\t<\/div>\n\t\t\t\t<div class=\"elementor-element elementor-element-ece083b elementor-widget elementor-widget-text-editor\" data-id=\"ece083b\" data-element_type=\"widget\" data-widget_type=\"text-editor.default\">\n\t\t\t\t\t\t\t\t\t<div class=\"mb-8\"><p class=\"text-[#615d59] tracking-[0.15em] mb-2\">COORDINADORA<\/p><div class=\"pl-4\"><p dir=\"ltr\"><strong>Mtra. Sandra Patricia Cerezo Ram\u00edrez<\/strong><br \/><br \/>55 56\u00a022 0470<\/p><p dir=\"ltr\"><a href=\"mailto:taller.domingo@fa.unam.mx\">taller.domingo@fa.unam.mx<\/a><br \/><br \/><\/p><\/div><\/div><div class=\"\"><p class=\"text-[#615d59] tracking-[0.15em] mb-2\">SECRETARIA<\/p><div class=\"pl-4\"><p><strong>\u00c1ngeles Tierrablanca Ram\u00edrez<\/strong><\/p><\/div><\/div><div class=\"\"><div class=\"py-9 lg:py-[52px]\">\u00a0<\/div><\/div>\t\t\t\t\t\t\t\t<\/div>\n\t\t\t\t<div class=\"elementor-element elementor-element-593cec2 elementor-widget elementor-widget-spacer\" data-id=\"593cec2\" data-element_type=\"widget\" data-widget_type=\"spacer.default\">\n\t\t\t\t\t\t\t<div class=\"elementor-spacer\">\n\t\t\t<div class=\"elementor-spacer-inner\"><\/div>\n\t\t<\/div>\n\t\t\t\t\t\t<\/div>\n\t\t\t\t<div class=\"elementor-element elementor-element-e3f70d5 elementor-shape-circle elementor-grid-0 e-grid-align-center elementor-widget elementor-widget-social-icons\" data-id=\"e3f70d5\" data-element_type=\"widget\" data-widget_type=\"social-icons.default\">\n\t\t\t\t\t\t\t<div class=\"elementor-social-icons-wrapper elementor-grid\" role=\"list\">\n\t\t\t\t\t\t\t<span class=\"elementor-grid-item\" role=\"listitem\">\n\t\t\t\t\t<a class=\"elementor-icon elementor-social-icon elementor-social-icon-instagram elementor-animation-pulse elementor-repeater-item-71a0d83\" href=\"https:\/\/www.instagram.com\/tdgr_oficial\/\" target=\"_blank\">\n\t\t\t\t\t\t<span class=\"elementor-screen-only\">Instagram<\/span>\n\t\t\t\t\t\t<svg aria-hidden=\"true\" class=\"e-font-icon-svg e-fab-instagram\" viewBox=\"0 0 448 512\" xmlns=\"http:\/\/www.w3.org\/2000\/svg\"><path d=\"M224.1 141c-63.6 0-114.9 51.3-114.9 114.9s51.3 114.9 114.9 114.9S339 319.5 339 255.9 287.7 141 224.1 141zm0 189.6c-41.1 0-74.7-33.5-74.7-74.7s33.5-74.7 74.7-74.7 74.7 33.5 74.7 74.7-33.6 74.7-74.7 74.7zm146.4-194.3c0 14.9-12 26.8-26.8 26.8-14.9 0-26.8-12-26.8-26.8s12-26.8 26.8-26.8 26.8 12 26.8 26.8zm76.1 27.2c-1.7-35.9-9.9-67.7-36.2-93.9-26.2-26.2-58-34.4-93.9-36.2-37-2.1-147.9-2.1-184.9 0-35.8 1.7-67.6 9.9-93.9 36.1s-34.4 58-36.2 93.9c-2.1 37-2.1 147.9 0 184.9 1.7 35.9 9.9 67.7 36.2 93.9s58 34.4 93.9 36.2c37 2.1 147.9 2.1 184.9 0 35.9-1.7 67.7-9.9 93.9-36.2 26.2-26.2 34.4-58 36.2-93.9 2.1-37 2.1-147.8 0-184.8zM398.8 388c-7.8 19.6-22.9 34.7-42.6 42.6-29.5 11.7-99.5 9-132.1 9s-102.7 2.6-132.1-9c-19.6-7.8-34.7-22.9-42.6-42.6-11.7-29.5-9-99.5-9-132.1s-2.6-102.7 9-132.1c7.8-19.6 22.9-34.7 42.6-42.6 29.5-11.7 99.5-9 132.1-9s102.7-2.6 132.1 9c19.6 7.8 34.7 22.9 42.6 42.6 11.7 29.5 9 99.5 9 132.1s2.7 102.7-9 132.1z\"><\/path><\/svg>\t\t\t\t\t<\/a>\n\t\t\t\t<\/span>\n\t\t\t\t\t\t\t<span class=\"elementor-grid-item\" role=\"listitem\">\n\t\t\t\t\t<a class=\"elementor-icon elementor-social-icon elementor-social-icon-facebook elementor-animation-pulse elementor-repeater-item-aa52b3d\" href=\"https:\/\/www.facebook.com\/people\/Taller-Domingo-Garc\u00eda-Ramos\/pfbid0yjx85PXwu2fTe2BLnNpmKgbCk3hAgTVdpQk6wB9UFozwv4cWvz4VF1WzvcooBY4nl\/\" target=\"_blank\">\n\t\t\t\t\t\t<span class=\"elementor-screen-only\">Facebook<\/span>\n\t\t\t\t\t\t<svg aria-hidden=\"true\" class=\"e-font-icon-svg e-fab-facebook\" viewBox=\"0 0 512 512\" xmlns=\"http:\/\/www.w3.org\/2000\/svg\"><path d=\"M504 256C504 119 393 8 256 8S8 119 8 256c0 123.78 90.69 226.38 209.25 245V327.69h-63V256h63v-54.64c0-62.15 37-96.48 93.67-96.48 27.14 0 55.52 4.84 55.52 4.84v61h-31.28c-30.8 0-40.41 19.12-40.41 38.73V256h68.78l-11 71.69h-57.78V501C413.31 482.38 504 379.78 504 256z\"><\/path><\/svg>\t\t\t\t\t<\/a>\n\t\t\t\t<\/span>\n\t\t\t\t\t<\/div>\n\t\t\t\t\t\t<\/div>\n\t\t\t\t<\/div>\n\t\t\t\t\t<\/div>\n\t\t\t\t<\/div>\n\t\t<div class=\"elementor-element elementor-element-92a84be e-flex e-con-boxed e-con e-parent\" data-id=\"92a84be\" data-element_type=\"container\">\n\t\t\t\t\t<div class=\"e-con-inner\">\n\t\t\t\t<div class=\"elementor-element elementor-element-20737cf elementor-widget-divider--view-line elementor-widget elementor-widget-divider\" data-id=\"20737cf\" data-element_type=\"widget\" data-widget_type=\"divider.default\">\n\t\t\t\t\t\t\t<div class=\"elementor-divider\">\n\t\t\t<span class=\"elementor-divider-separator\">\n\t\t\t\t\t\t<\/span>\n\t\t<\/div>\n\t\t\t\t\t\t<\/div>\n\t\t\t\t\t<\/div>\n\t\t\t\t<\/div>\n\t\t<div class=\"elementor-element elementor-element-5ce2d06 e-flex e-con-boxed e-con e-parent\" data-id=\"5ce2d06\" data-element_type=\"container\">\n\t\t\t\t\t<div class=\"e-con-inner\">\n\t\t\t\t<div class=\"elementor-element elementor-element-856128a elementor-widget elementor-widget-spacer\" data-id=\"856128a\" data-element_type=\"widget\" data-widget_type=\"spacer.default\">\n\t\t\t\t\t\t\t<div class=\"elementor-spacer\">\n\t\t\t<div class=\"elementor-spacer-inner\"><\/div>\n\t\t<\/div>\n\t\t\t\t\t\t<\/div>\n\t\t\t\t\t<\/div>\n\t\t\t\t<\/div>\n\t\t\t\t<\/div>\n\t\t","protected":false},"excerpt":{"rendered":"<p>TALLER DOMINGO GARC\u00cdA RAMOS El taller Domingo Garc\u00eda Ramos surge de la corriente arquitect\u00f3nica, formada por las unidades acad\u00e9micas de talleres de letras de la entonces Escuela Nacional de Arquitectura. Reconocido como taller B o &#8220;Arq. Domingo Garc\u00eda Ramos&#8221;, siendo uno de los exponentes m\u00e1s importantes de M\u00e9xico. Nuestra planta acad\u00e9mica ha estado activa y [&hellip;]<\/p>\n","protected":false},"author":1,"featured_media":0,"parent":0,"menu_order":0,"comment_status":"closed","ping_status":"closed","template":"","meta":{"footnotes":""},"class_list":["post-1786","page","type-page","status-publish","hentry"],"_links":{"self":[{"href":"https:\/\/fa.dtx.mx\/index.php?rest_route=\/wp\/v2\/pages\/1786","targetHints":{"allow":["GET"]}}],"collection":[{"href":"https:\/\/fa.dtx.mx\/index.php?rest_route=\/wp\/v2\/pages"}],"about":[{"href":"https:\/\/fa.dtx.mx\/index.php?rest_route=\/wp\/v2\/types\/page"}],"author":[{"embeddable":true,"href":"https:\/\/fa.dtx.mx\/index.php?rest_route=\/wp\/v2\/users\/1"}],"replies":[{"embeddable":true,"href":"https:\/\/fa.dtx.mx\/index.php?rest_route=%2Fwp%2Fv2%2Fcomments&post=1786"}],"version-history":[{"count":16,"href":"https:\/\/fa.dtx.mx\/index.php?rest_route=\/wp\/v2\/pages\/1786\/revisions"}],"predecessor-version":[{"id":1836,"href":"https:\/\/fa.dtx.mx\/index.php?rest_route=\/wp\/v2\/pages\/1786\/revisions\/1836"}],"wp:attachment":[{"href":"https:\/\/fa.dtx.mx\/index.php?rest_route=%2Fwp%2Fv2%2Fmedia&parent=1786"}],"curies":[{"name":"wp","href":"https:\/\/api.w.org\/{rel}","templated":true}]}}