{"id":1771,"date":"2025-11-20T20:54:15","date_gmt":"2025-11-20T20:54:15","guid":{"rendered":"https:\/\/fa.dtx.mx\/?page_id=1771"},"modified":"2025-11-20T21:09:06","modified_gmt":"2025-11-20T21:09:06","slug":"jorge-gonzalez-reyna","status":"publish","type":"page","link":"https:\/\/fa.dtx.mx\/?page_id=1771","title":{"rendered":"Jorge Gonz\u00e1lez Reyna"},"content":{"rendered":"\t\t<div data-elementor-type=\"wp-page\" data-elementor-id=\"1771\" class=\"elementor elementor-1771\" data-elementor-post-type=\"page\">\n\t\t\t\t<div class=\"elementor-element elementor-element-bd3efe6 e-flex e-con-boxed e-con e-parent\" data-id=\"bd3efe6\" data-element_type=\"container\">\n\t\t\t\t\t<div class=\"e-con-inner\">\n\t\t<div class=\"elementor-element elementor-element-341b2db e-con-full e-flex e-con e-child\" data-id=\"341b2db\" data-element_type=\"container\">\n\t\t\t\t<div class=\"elementor-element elementor-element-d405a0f elementor-widget elementor-widget-heading\" data-id=\"d405a0f\" data-element_type=\"widget\" data-widget_type=\"heading.default\">\n\t\t\t\t\t<h2 class=\"elementor-heading-title elementor-size-default\">TALLER JORGE GONZ\u00c1LEZ REYNA<\/h2>\t\t\t\t<\/div>\n\t\t\t\t<\/div>\n\t\t<div class=\"elementor-element elementor-element-35081e3 e-con-full e-flex e-con e-child\" data-id=\"35081e3\" data-element_type=\"container\">\n\t\t\t\t<div class=\"elementor-element elementor-element-5b193dd elementor-widget elementor-widget-image\" data-id=\"5b193dd\" data-element_type=\"widget\" data-widget_type=\"image.default\">\n\t\t\t\t\t\t\t\t\t\t\t\t\t\t\t<img decoding=\"async\" width=\"61\" height=\"61\" src=\"https:\/\/fa.dtx.mx\/wp-content\/uploads\/2025\/10\/Jorge-Gzlz-Reyna.png\" class=\"attachment-large size-large wp-image-1014\" alt=\"\" \/>\t\t\t\t\t\t\t\t\t\t\t\t\t\t\t<\/div>\n\t\t\t\t<\/div>\n\t\t\t\t\t<\/div>\n\t\t\t\t<\/div>\n\t\t<div class=\"elementor-element elementor-element-c79727b e-flex e-con-boxed e-con e-parent\" data-id=\"c79727b\" data-element_type=\"container\">\n\t\t\t\t\t<div class=\"e-con-inner\">\n\t\t\t\t<div class=\"elementor-element elementor-element-67cf893 elementor-widget-divider--view-line elementor-widget elementor-widget-divider\" data-id=\"67cf893\" data-element_type=\"widget\" data-widget_type=\"divider.default\">\n\t\t\t\t\t\t\t<div class=\"elementor-divider\">\n\t\t\t<span class=\"elementor-divider-separator\">\n\t\t\t\t\t\t<\/span>\n\t\t<\/div>\n\t\t\t\t\t\t<\/div>\n\t\t\t\t\t<\/div>\n\t\t\t\t<\/div>\n\t\t<div class=\"elementor-element elementor-element-58ebb3c e-flex e-con-boxed e-con e-parent\" data-id=\"58ebb3c\" data-element_type=\"container\">\n\t\t\t\t\t<div class=\"e-con-inner\">\n\t\t<div class=\"elementor-element elementor-element-6be2527 e-grid e-con-full e-con e-child\" data-id=\"6be2527\" data-element_type=\"container\">\n\t\t\t\t<div class=\"elementor-element elementor-element-2c9a003 elementor-widget elementor-widget-text-editor\" data-id=\"2c9a003\" data-element_type=\"widget\" data-widget_type=\"text-editor.default\">\n\t\t\t\t\t\t\t\t\t<p dir=\"ltr\">Nuestro objetivo es formar a los y las estudiantes dentro de un marco \u00e9tico s\u00f3lido para que puedan abordar las demandas de los espacios habitables, considerando los factores naturales, f\u00edsicos, sociales, econ\u00f3micos y culturales.<\/p><p dir=\"ltr\">Buscamos ense\u00f1ar el manejo de conocimientos art\u00edsticos, cient\u00edficos y human\u00edsticos para lograr el equilibrio necesario en la creaci\u00f3n de la arquitectura, manteniendo siempre el m\u00e1s alto nivel de profesionalismo, integridad y competencia. Adem\u00e1s, fomentamos su inter\u00e9s por actualizar constantemente sus habilidades y preparaci\u00f3n hacia la excelencia, brind\u00e1ndoles una s\u00f3lida base social estrechamente relacionada con las necesidades actuales de nuestro pa\u00eds.<\/p><p dir=\"ltr\">Entendemos la \u00e9tica como el conjunto de valores que conforman una forma de vida deseable, basada en el compromiso, el di\u00e1logo, la equidad, la honestidad, la humildad, la justicia, el respeto, la responsabilidad y la solidaridad. Estos valores deben fundamentarse y promoverse a lo largo de la experiencia universitaria de los y las alumnas.\u00a0<\/p>\t\t\t\t\t\t\t\t<\/div>\n\t\t\t\t<div class=\"elementor-element elementor-element-d2ada50 elementor-widget elementor-widget-text-editor\" data-id=\"d2ada50\" data-element_type=\"widget\" data-widget_type=\"text-editor.default\">\n\t\t\t\t\t\t\t\t\t<div class=\"mb-8\"><p class=\"text-[#615d59] tracking-[0.15em] mb-2\">COORDINADOR<\/p><div class=\"pl-4\"><p dir=\"ltr\"><strong>Mtro. David Cueto Meza<\/strong><\/p><p dir=\"ltr\">55 56 22 02 21<\/p><p dir=\"ltr\">taller.reyna@fa.unam.mx\u00a0<\/p><\/div><p dir=\"ltr\">\u00a0<\/p><\/div><div class=\"\"><p class=\"text-[#615d59] tracking-[0.15em] mb-2\">SECRETARIA<\/p><div class=\"pl-4\"><p><strong>Ana Joseht Flores Castillo<\/strong><\/p><\/div><\/div><div class=\"\"><div class=\"py-9 lg:py-[52px]\">\u00a0<\/div><\/div>\t\t\t\t\t\t\t\t<\/div>\n\t\t\t\t<div class=\"elementor-element elementor-element-bda49c7 elementor-widget elementor-widget-spacer\" data-id=\"bda49c7\" data-element_type=\"widget\" data-widget_type=\"spacer.default\">\n\t\t\t\t\t\t\t<div class=\"elementor-spacer\">\n\t\t\t<div class=\"elementor-spacer-inner\"><\/div>\n\t\t<\/div>\n\t\t\t\t\t\t<\/div>\n\t\t\t\t<div class=\"elementor-element elementor-element-9d6bf3a elementor-shape-circle elementor-grid-0 e-grid-align-center elementor-widget elementor-widget-social-icons\" data-id=\"9d6bf3a\" data-element_type=\"widget\" data-widget_type=\"social-icons.default\">\n\t\t\t\t\t\t\t<div class=\"elementor-social-icons-wrapper elementor-grid\" role=\"list\">\n\t\t\t\t\t\t\t<span class=\"elementor-grid-item\" role=\"listitem\">\n\t\t\t\t\t<a class=\"elementor-icon elementor-social-icon elementor-social-icon-instagram elementor-animation-pulse elementor-repeater-item-6c7e0b8\" href=\"https:\/\/www.instagram.com\/tjgreyna\/\" target=\"_blank\">\n\t\t\t\t\t\t<span class=\"elementor-screen-only\">Instagram<\/span>\n\t\t\t\t\t\t<svg aria-hidden=\"true\" class=\"e-font-icon-svg e-fab-instagram\" viewBox=\"0 0 448 512\" xmlns=\"http:\/\/www.w3.org\/2000\/svg\"><path d=\"M224.1 141c-63.6 0-114.9 51.3-114.9 114.9s51.3 114.9 114.9 114.9S339 319.5 339 255.9 287.7 141 224.1 141zm0 189.6c-41.1 0-74.7-33.5-74.7-74.7s33.5-74.7 74.7-74.7 74.7 33.5 74.7 74.7-33.6 74.7-74.7 74.7zm146.4-194.3c0 14.9-12 26.8-26.8 26.8-14.9 0-26.8-12-26.8-26.8s12-26.8 26.8-26.8 26.8 12 26.8 26.8zm76.1 27.2c-1.7-35.9-9.9-67.7-36.2-93.9-26.2-26.2-58-34.4-93.9-36.2-37-2.1-147.9-2.1-184.9 0-35.8 1.7-67.6 9.9-93.9 36.1s-34.4 58-36.2 93.9c-2.1 37-2.1 147.9 0 184.9 1.7 35.9 9.9 67.7 36.2 93.9s58 34.4 93.9 36.2c37 2.1 147.9 2.1 184.9 0 35.9-1.7 67.7-9.9 93.9-36.2 26.2-26.2 34.4-58 36.2-93.9 2.1-37 2.1-147.8 0-184.8zM398.8 388c-7.8 19.6-22.9 34.7-42.6 42.6-29.5 11.7-99.5 9-132.1 9s-102.7 2.6-132.1-9c-19.6-7.8-34.7-22.9-42.6-42.6-11.7-29.5-9-99.5-9-132.1s-2.6-102.7 9-132.1c7.8-19.6 22.9-34.7 42.6-42.6 29.5-11.7 99.5-9 132.1-9s102.7-2.6 132.1 9c19.6 7.8 34.7 22.9 42.6 42.6 11.7 29.5 9 99.5 9 132.1s2.7 102.7-9 132.1z\"><\/path><\/svg>\t\t\t\t\t<\/a>\n\t\t\t\t<\/span>\n\t\t\t\t\t\t\t<span class=\"elementor-grid-item\" role=\"listitem\">\n\t\t\t\t\t<a class=\"elementor-icon elementor-social-icon elementor-social-icon-facebook elementor-animation-pulse elementor-repeater-item-f554c91\" href=\"https:\/\/www.facebook.com\/people\/Taller-Jorge-Gonz\u00e1lez-Reyna-Comunidad-Oficial\/100086648468295\/\" target=\"_blank\">\n\t\t\t\t\t\t<span class=\"elementor-screen-only\">Facebook<\/span>\n\t\t\t\t\t\t<svg aria-hidden=\"true\" class=\"e-font-icon-svg e-fab-facebook\" viewBox=\"0 0 512 512\" xmlns=\"http:\/\/www.w3.org\/2000\/svg\"><path d=\"M504 256C504 119 393 8 256 8S8 119 8 256c0 123.78 90.69 226.38 209.25 245V327.69h-63V256h63v-54.64c0-62.15 37-96.48 93.67-96.48 27.14 0 55.52 4.84 55.52 4.84v61h-31.28c-30.8 0-40.41 19.12-40.41 38.73V256h68.78l-11 71.69h-57.78V501C413.31 482.38 504 379.78 504 256z\"><\/path><\/svg>\t\t\t\t\t<\/a>\n\t\t\t\t<\/span>\n\t\t\t\t\t<\/div>\n\t\t\t\t\t\t<\/div>\n\t\t\t\t<\/div>\n\t\t\t\t\t<\/div>\n\t\t\t\t<\/div>\n\t\t<div class=\"elementor-element elementor-element-b212646 e-flex e-con-boxed e-con e-parent\" data-id=\"b212646\" data-element_type=\"container\">\n\t\t\t\t\t<div class=\"e-con-inner\">\n\t\t\t\t<div class=\"elementor-element elementor-element-7487200 elementor-widget-divider--view-line elementor-widget elementor-widget-divider\" data-id=\"7487200\" data-element_type=\"widget\" data-widget_type=\"divider.default\">\n\t\t\t\t\t\t\t<div class=\"elementor-divider\">\n\t\t\t<span class=\"elementor-divider-separator\">\n\t\t\t\t\t\t<\/span>\n\t\t<\/div>\n\t\t\t\t\t\t<\/div>\n\t\t\t\t\t<\/div>\n\t\t\t\t<\/div>\n\t\t<div class=\"elementor-element elementor-element-849f61a e-flex e-con-boxed e-con e-parent\" data-id=\"849f61a\" data-element_type=\"container\">\n\t\t\t\t\t<div class=\"e-con-inner\">\n\t\t\t\t<div class=\"elementor-element elementor-element-f1a3f03 elementor-widget elementor-widget-spacer\" data-id=\"f1a3f03\" data-element_type=\"widget\" data-widget_type=\"spacer.default\">\n\t\t\t\t\t\t\t<div class=\"elementor-spacer\">\n\t\t\t<div class=\"elementor-spacer-inner\"><\/div>\n\t\t<\/div>\n\t\t\t\t\t\t<\/div>\n\t\t\t\t\t<\/div>\n\t\t\t\t<\/div>\n\t\t\t\t<\/div>\n\t\t","protected":false},"excerpt":{"rendered":"<p>TALLER JORGE GONZ\u00c1LEZ REYNA Nuestro objetivo es formar a los y las estudiantes dentro de un marco \u00e9tico s\u00f3lido para que puedan abordar las demandas de los espacios habitables, considerando los factores naturales, f\u00edsicos, sociales, econ\u00f3micos y culturales. Buscamos ense\u00f1ar el manejo de conocimientos art\u00edsticos, cient\u00edficos y human\u00edsticos para lograr el equilibrio necesario en la [&hellip;]<\/p>\n","protected":false},"author":1,"featured_media":0,"parent":0,"menu_order":0,"comment_status":"closed","ping_status":"closed","template":"","meta":{"footnotes":""},"class_list":["post-1771","page","type-page","status-publish","hentry"],"_links":{"self":[{"href":"https:\/\/fa.dtx.mx\/index.php?rest_route=\/wp\/v2\/pages\/1771","targetHints":{"allow":["GET"]}}],"collection":[{"href":"https:\/\/fa.dtx.mx\/index.php?rest_route=\/wp\/v2\/pages"}],"about":[{"href":"https:\/\/fa.dtx.mx\/index.php?rest_route=\/wp\/v2\/types\/page"}],"author":[{"embeddable":true,"href":"https:\/\/fa.dtx.mx\/index.php?rest_route=\/wp\/v2\/users\/1"}],"replies":[{"embeddable":true,"href":"https:\/\/fa.dtx.mx\/index.php?rest_route=%2Fwp%2Fv2%2Fcomments&post=1771"}],"version-history":[{"count":7,"href":"https:\/\/fa.dtx.mx\/index.php?rest_route=\/wp\/v2\/pages\/1771\/revisions"}],"predecessor-version":[{"id":1784,"href":"https:\/\/fa.dtx.mx\/index.php?rest_route=\/wp\/v2\/pages\/1771\/revisions\/1784"}],"wp:attachment":[{"href":"https:\/\/fa.dtx.mx\/index.php?rest_route=%2Fwp%2Fv2%2Fmedia&parent=1771"}],"curies":[{"name":"wp","href":"https:\/\/api.w.org\/{rel}","templated":true}]}}