{"id":1723,"date":"2025-11-12T22:40:25","date_gmt":"2025-11-12T22:40:25","guid":{"rendered":"https:\/\/fa.dtx.mx\/?page_id=1723"},"modified":"2025-11-12T23:02:18","modified_gmt":"2025-11-12T23:02:18","slug":"luis-barragan","status":"publish","type":"page","link":"https:\/\/fa.dtx.mx\/?page_id=1723","title":{"rendered":"LUIS BARRAG\u00c1N"},"content":{"rendered":"\t\t<div data-elementor-type=\"wp-page\" data-elementor-id=\"1723\" class=\"elementor elementor-1723\" data-elementor-post-type=\"page\">\n\t\t\t\t<div class=\"elementor-element elementor-element-ae821bc e-flex e-con-boxed e-con e-parent\" data-id=\"ae821bc\" data-element_type=\"container\">\n\t\t\t\t\t<div class=\"e-con-inner\">\n\t\t<div class=\"elementor-element elementor-element-82d4665 e-con-full e-flex e-con e-child\" data-id=\"82d4665\" data-element_type=\"container\">\n\t\t\t\t<div class=\"elementor-element elementor-element-1b06da5 elementor-widget elementor-widget-text-editor\" data-id=\"1b06da5\" data-element_type=\"widget\" data-widget_type=\"text-editor.default\">\n\t\t\t\t\t\t\t\t\t<p><span dir=\"auto\" style=\"vertical-align: inherit;\"><span dir=\"auto\" style=\"vertical-align: inherit;\"><span dir=\"auto\" style=\"vertical-align: inherit;\"><span dir=\"auto\" style=\"vertical-align: inherit;\"><span dir=\"auto\" style=\"vertical-align: inherit;\"><span dir=\"auto\" style=\"vertical-align: inherit;\"><span dir=\"auto\" style=\"vertical-align: inherit;\"><span dir=\"auto\" style=\"vertical-align: inherit;\">TALLER <\/span><\/span><\/span><\/span><\/span><\/span><span dir=\"auto\" style=\"vertical-align: inherit;\"><span dir=\"auto\" style=\"vertical-align: inherit;\"><span dir=\"auto\" style=\"vertical-align: inherit;\"><span dir=\"auto\" style=\"vertical-align: inherit;\"><span dir=\"auto\" style=\"vertical-align: inherit;\"><span dir=\"auto\" style=\"vertical-align: inherit;\">LUIS BARRAG\u00c1N<\/span><\/span><\/span><\/span><\/span><\/span><\/span><\/span><\/p>\t\t\t\t\t\t\t\t<\/div>\n\t\t\t\t<\/div>\n\t\t<div class=\"elementor-element elementor-element-260bfa1 e-con-full e-flex e-con e-child\" data-id=\"260bfa1\" data-element_type=\"container\">\n\t\t\t\t<div class=\"elementor-element elementor-element-7423cf3 elementor-widget elementor-widget-image\" data-id=\"7423cf3\" data-element_type=\"widget\" data-widget_type=\"image.default\">\n\t\t\t\t\t\t\t\t\t\t\t\t\t\t\t<img fetchpriority=\"high\" decoding=\"async\" width=\"200\" height=\"266\" src=\"https:\/\/fa.dtx.mx\/wp-content\/uploads\/2025\/10\/01-LBarragan.png\" class=\"attachment-large size-large wp-image-1009\" alt=\"\" \/>\t\t\t\t\t\t\t\t\t\t\t\t\t\t\t<\/div>\n\t\t\t\t<\/div>\n\t\t\t\t\t<\/div>\n\t\t\t\t<\/div>\n\t\t<div class=\"elementor-element elementor-element-d0b69e7 e-flex e-con-boxed e-con e-parent\" data-id=\"d0b69e7\" data-element_type=\"container\">\n\t\t\t\t\t<div class=\"e-con-inner\">\n\t\t\t\t<div class=\"elementor-element elementor-element-a4fbfa3 elementor-widget-divider--view-line elementor-widget elementor-widget-divider\" data-id=\"a4fbfa3\" data-element_type=\"widget\" data-widget_type=\"divider.default\">\n\t\t\t\t\t\t\t<div class=\"elementor-divider\">\n\t\t\t<span class=\"elementor-divider-separator\">\n\t\t\t\t\t\t<\/span>\n\t\t<\/div>\n\t\t\t\t\t\t<\/div>\n\t\t\t\t\t<\/div>\n\t\t\t\t<\/div>\n\t\t<div class=\"elementor-element elementor-element-f111aa0 e-flex e-con-boxed e-con e-parent\" data-id=\"f111aa0\" data-element_type=\"container\">\n\t\t\t\t\t<div class=\"e-con-inner\">\n\t\t<div class=\"elementor-element elementor-element-8f06a7f e-grid e-con-full e-con e-child\" data-id=\"8f06a7f\" data-element_type=\"container\">\n\t\t\t\t<div class=\"elementor-element elementor-element-a93016c elementor-widget elementor-widget-text-editor\" data-id=\"a93016c\" data-element_type=\"widget\" data-widget_type=\"text-editor.default\">\n\t\t\t\t\t\t\t\t\t<p dir=\"ltr\">El taller Luis Barrag\u00e1n lleva el nombre del renombrado arquitecto mexicano de fama internacional. Durante varios a\u00f1os, el taller se ha destacado por abordar proyectos arquitect\u00f3nicos con enfoques creativos y contempor\u00e1neos, haciendo hincapi\u00e9 en los aspectos pl\u00e1sticos y espaciales que definen la parte formal de cada proyecto.<\/p><p dir=\"ltr\">La comunidad estudiantil del taller Luis Barrag\u00e1n participa activamente en concursos tanto a nivel nacional como internacional, obteniendo resultados satisfactorios. Adem\u00e1s, se busca establecer convenios con entidades p\u00fablicas y privadas para llevar a cabo diversos proyectos requeridos.<\/p><p dir=\"ltr\">Asimismo, se fomenta la colaboraci\u00f3n acad\u00e9mica con distintas universidades nacionales y extranjeras para desarrollar proyectos conjuntos.<\/p><p dir=\"ltr\">Adem\u00e1s de la intensa vida acad\u00e9mica que se lleva a cabo diariamente en el taller Luis Barrag\u00e1n, se promueven diversas actividades que fomentan la convivencia y la uni\u00f3n entre toda la comunidad. Estas incluyen la tradicional arquirodada, emocionantes viajes acad\u00e9micos, un din\u00e1mico torneo rel\u00e1mpago de f\u00fatbol, presentaciones de proyectos en ingl\u00e9s, as\u00ed como concursos de fotograf\u00eda y croquis. Estas actividades adicionales enriquecen a\u00fan m\u00e1s la experiencia de los y las\u00a0estudiantes y fortalecen los lazos dentro del taller Luis Barrag\u00e1n.<\/p><p dir=\"ltr\">El taller Luis Barrag\u00e1n se distingue por contar con una destacada planta docente y un alto rendimiento en su comunidad estudiantil.<\/p>\t\t\t\t\t\t\t\t<\/div>\n\t\t\t\t<div class=\"elementor-element elementor-element-f6ea2cf elementor-widget elementor-widget-text-editor\" data-id=\"f6ea2cf\" data-element_type=\"widget\" data-widget_type=\"text-editor.default\">\n\t\t\t\t\t\t\t\t\t<div class=\"mb-8\"><p class=\"text-[#615d59] tracking-[0.15em] mb-2\">COORDINADORA<\/p><div class=\"pl-4\"><p dir=\"ltr\"><strong>Mtra. en\u00a0Arq. Lilia Barraza L\u00f3pez<\/strong><\/p><p dir=\"ltr\">55\u00a056 22 03 12<\/p><p dir=\"ltr\">taller.barragan@fa.unam.mx<\/p><p dir=\"ltr\">\u00a0<\/p><\/div><\/div><div class=\"\"><p class=\"text-[#615d59] tracking-[0.15em] mb-2\">SECRETARIA<\/p><div class=\"pl-4\"><p dir=\"ltr\"><strong>D.G. Sandra Mart\u00ednez Ruiz<\/strong><\/p><\/div><\/div><div class=\"\"><div class=\"py-9 lg:py-[52px]\">\u00a0<\/div><\/div>\t\t\t\t\t\t\t\t<\/div>\n\t\t\t\t<\/div>\n\t\t\t\t\t<\/div>\n\t\t\t\t<\/div>\n\t\t<div class=\"elementor-element elementor-element-3e48864 e-flex e-con-boxed e-con e-parent\" data-id=\"3e48864\" data-element_type=\"container\">\n\t\t\t\t\t<div class=\"e-con-inner\">\n\t\t<div class=\"elementor-element elementor-element-79d41ee e-grid e-con-full e-con e-child\" data-id=\"79d41ee\" data-element_type=\"container\">\n\t\t\t\t<div class=\"elementor-element elementor-element-4c6cefe elementor-widget elementor-widget-spacer\" data-id=\"4c6cefe\" data-element_type=\"widget\" data-widget_type=\"spacer.default\">\n\t\t\t\t\t\t\t<div class=\"elementor-spacer\">\n\t\t\t<div class=\"elementor-spacer-inner\"><\/div>\n\t\t<\/div>\n\t\t\t\t\t\t<\/div>\n\t\t\t\t<div class=\"elementor-element elementor-element-3671f49 elementor-shape-circle elementor-grid-0 e-grid-align-center elementor-widget elementor-widget-social-icons\" data-id=\"3671f49\" data-element_type=\"widget\" data-widget_type=\"social-icons.default\">\n\t\t\t\t\t\t\t<div class=\"elementor-social-icons-wrapper elementor-grid\" role=\"list\">\n\t\t\t\t\t\t\t<span class=\"elementor-grid-item\" role=\"listitem\">\n\t\t\t\t\t<a class=\"elementor-icon elementor-social-icon elementor-social-icon-instagram elementor-animation-pulse elementor-repeater-item-61a0545\" href=\"https:\/\/www.instagram.com\/tallerluisbarragan?igshid=YmMyMTA2M2Y%3D\" target=\"_blank\">\n\t\t\t\t\t\t<span class=\"elementor-screen-only\">Instagram<\/span>\n\t\t\t\t\t\t<svg aria-hidden=\"true\" class=\"e-font-icon-svg e-fab-instagram\" viewBox=\"0 0 448 512\" xmlns=\"http:\/\/www.w3.org\/2000\/svg\"><path d=\"M224.1 141c-63.6 0-114.9 51.3-114.9 114.9s51.3 114.9 114.9 114.9S339 319.5 339 255.9 287.7 141 224.1 141zm0 189.6c-41.1 0-74.7-33.5-74.7-74.7s33.5-74.7 74.7-74.7 74.7 33.5 74.7 74.7-33.6 74.7-74.7 74.7zm146.4-194.3c0 14.9-12 26.8-26.8 26.8-14.9 0-26.8-12-26.8-26.8s12-26.8 26.8-26.8 26.8 12 26.8 26.8zm76.1 27.2c-1.7-35.9-9.9-67.7-36.2-93.9-26.2-26.2-58-34.4-93.9-36.2-37-2.1-147.9-2.1-184.9 0-35.8 1.7-67.6 9.9-93.9 36.1s-34.4 58-36.2 93.9c-2.1 37-2.1 147.9 0 184.9 1.7 35.9 9.9 67.7 36.2 93.9s58 34.4 93.9 36.2c37 2.1 147.9 2.1 184.9 0 35.9-1.7 67.7-9.9 93.9-36.2 26.2-26.2 34.4-58 36.2-93.9 2.1-37 2.1-147.8 0-184.8zM398.8 388c-7.8 19.6-22.9 34.7-42.6 42.6-29.5 11.7-99.5 9-132.1 9s-102.7 2.6-132.1-9c-19.6-7.8-34.7-22.9-42.6-42.6-11.7-29.5-9-99.5-9-132.1s-2.6-102.7 9-132.1c7.8-19.6 22.9-34.7 42.6-42.6 29.5-11.7 99.5-9 132.1-9s102.7-2.6 132.1 9c19.6 7.8 34.7 22.9 42.6 42.6 11.7 29.5 9 99.5 9 132.1s2.7 102.7-9 132.1z\"><\/path><\/svg>\t\t\t\t\t<\/a>\n\t\t\t\t<\/span>\n\t\t\t\t\t\t\t<span class=\"elementor-grid-item\" role=\"listitem\">\n\t\t\t\t\t<a class=\"elementor-icon elementor-social-icon elementor-social-icon-facebook elementor-animation-pulse elementor-repeater-item-c65eeff\" href=\"https:\/\/www.facebook.com\/Taller-Luis-Barrag\u00e1n-130731624148342\/?_rdr\" target=\"_blank\">\n\t\t\t\t\t\t<span class=\"elementor-screen-only\">Facebook<\/span>\n\t\t\t\t\t\t<svg aria-hidden=\"true\" class=\"e-font-icon-svg e-fab-facebook\" viewBox=\"0 0 512 512\" xmlns=\"http:\/\/www.w3.org\/2000\/svg\"><path d=\"M504 256C504 119 393 8 256 8S8 119 8 256c0 123.78 90.69 226.38 209.25 245V327.69h-63V256h63v-54.64c0-62.15 37-96.48 93.67-96.48 27.14 0 55.52 4.84 55.52 4.84v61h-31.28c-30.8 0-40.41 19.12-40.41 38.73V256h68.78l-11 71.69h-57.78V501C413.31 482.38 504 379.78 504 256z\"><\/path><\/svg>\t\t\t\t\t<\/a>\n\t\t\t\t<\/span>\n\t\t\t\t\t<\/div>\n\t\t\t\t\t\t<\/div>\n\t\t\t\t<\/div>\n\t\t\t\t\t<\/div>\n\t\t\t\t<\/div>\n\t\t<div class=\"elementor-element elementor-element-9d3be2c e-flex e-con-boxed e-con e-parent\" data-id=\"9d3be2c\" data-element_type=\"container\">\n\t\t\t\t\t<div class=\"e-con-inner\">\n\t\t\t\t<div class=\"elementor-element elementor-element-27e4b57 elementor-widget-divider--view-line elementor-widget elementor-widget-divider\" data-id=\"27e4b57\" data-element_type=\"widget\" data-widget_type=\"divider.default\">\n\t\t\t\t\t\t\t<div class=\"elementor-divider\">\n\t\t\t<span class=\"elementor-divider-separator\">\n\t\t\t\t\t\t<\/span>\n\t\t<\/div>\n\t\t\t\t\t\t<\/div>\n\t\t\t\t\t<\/div>\n\t\t\t\t<\/div>\n\t\t<div class=\"elementor-element elementor-element-b044c81 e-flex e-con-boxed e-con e-parent\" data-id=\"b044c81\" data-element_type=\"container\">\n\t\t\t\t\t<div class=\"e-con-inner\">\n\t\t\t\t<div class=\"elementor-element elementor-element-af5efd6 elementor-widget elementor-widget-spacer\" data-id=\"af5efd6\" data-element_type=\"widget\" data-widget_type=\"spacer.default\">\n\t\t\t\t\t\t\t<div class=\"elementor-spacer\">\n\t\t\t<div class=\"elementor-spacer-inner\"><\/div>\n\t\t<\/div>\n\t\t\t\t\t\t<\/div>\n\t\t\t\t\t<\/div>\n\t\t\t\t<\/div>\n\t\t\t\t<\/div>\n\t\t","protected":false},"excerpt":{"rendered":"<p>TALLER LUIS BARRAG\u00c1N El taller Luis Barrag\u00e1n lleva el nombre del renombrado arquitecto mexicano de fama internacional. Durante varios a\u00f1os, el taller se ha destacado por abordar proyectos arquitect\u00f3nicos con enfoques creativos y contempor\u00e1neos, haciendo hincapi\u00e9 en los aspectos pl\u00e1sticos y espaciales que definen la parte formal de cada proyecto. La comunidad estudiantil del taller [&hellip;]<\/p>\n","protected":false},"author":1,"featured_media":0,"parent":0,"menu_order":0,"comment_status":"closed","ping_status":"closed","template":"","meta":{"footnotes":""},"class_list":["post-1723","page","type-page","status-publish","hentry"],"_links":{"self":[{"href":"https:\/\/fa.dtx.mx\/index.php?rest_route=\/wp\/v2\/pages\/1723","targetHints":{"allow":["GET"]}}],"collection":[{"href":"https:\/\/fa.dtx.mx\/index.php?rest_route=\/wp\/v2\/pages"}],"about":[{"href":"https:\/\/fa.dtx.mx\/index.php?rest_route=\/wp\/v2\/types\/page"}],"author":[{"embeddable":true,"href":"https:\/\/fa.dtx.mx\/index.php?rest_route=\/wp\/v2\/users\/1"}],"replies":[{"embeddable":true,"href":"https:\/\/fa.dtx.mx\/index.php?rest_route=%2Fwp%2Fv2%2Fcomments&post=1723"}],"version-history":[{"count":10,"href":"https:\/\/fa.dtx.mx\/index.php?rest_route=\/wp\/v2\/pages\/1723\/revisions"}],"predecessor-version":[{"id":1744,"href":"https:\/\/fa.dtx.mx\/index.php?rest_route=\/wp\/v2\/pages\/1723\/revisions\/1744"}],"wp:attachment":[{"href":"https:\/\/fa.dtx.mx\/index.php?rest_route=%2Fwp%2Fv2%2Fmedia&parent=1723"}],"curies":[{"name":"wp","href":"https:\/\/api.w.org\/{rel}","templated":true}]}}