{"id":1680,"date":"2025-11-11T16:55:04","date_gmt":"2025-11-11T16:55:04","guid":{"rendered":"https:\/\/fa.dtx.mx\/?page_id=1680"},"modified":"2025-11-20T21:04:24","modified_gmt":"2025-11-20T21:04:24","slug":"max-cetto","status":"publish","type":"page","link":"https:\/\/fa.dtx.mx\/?page_id=1680","title":{"rendered":"MAX CETTO"},"content":{"rendered":"\t\t<div data-elementor-type=\"wp-page\" data-elementor-id=\"1680\" class=\"elementor elementor-1680\" data-elementor-post-type=\"page\">\n\t\t\t\t<div class=\"elementor-element elementor-element-3577afd e-flex e-con-boxed e-con e-parent\" data-id=\"3577afd\" data-element_type=\"container\">\n\t\t\t\t\t<div class=\"e-con-inner\">\n\t\t<div class=\"elementor-element elementor-element-63c09d1 e-flex e-con-boxed e-con e-child\" data-id=\"63c09d1\" data-element_type=\"container\">\n\t\t\t\t\t<div class=\"e-con-inner\">\n\t\t<div class=\"elementor-element elementor-element-e303abb e-grid e-con-full e-con e-child\" data-id=\"e303abb\" data-element_type=\"container\">\n\t\t\t\t<div class=\"elementor-element elementor-element-9009536 elementor-widget elementor-widget-heading\" data-id=\"9009536\" data-element_type=\"widget\" data-widget_type=\"heading.default\">\n\t\t\t\t\t<h2 class=\"elementor-heading-title elementor-size-default\">TALLER MAX CETTO<\/h2>\t\t\t\t<\/div>\n\t\t\t\t<div class=\"elementor-element elementor-element-11f7f77 elementor-widget elementor-widget-image\" data-id=\"11f7f77\" data-element_type=\"widget\" data-widget_type=\"image.default\">\n\t\t\t\t\t\t\t\t\t\t\t\t\t\t\t<img decoding=\"async\" width=\"83\" height=\"87\" src=\"https:\/\/fa.dtx.mx\/wp-content\/uploads\/2025\/10\/max-cetto.png\" class=\"attachment-large size-large wp-image-1018\" alt=\"\" \/>\t\t\t\t\t\t\t\t\t\t\t\t\t\t\t<\/div>\n\t\t\t\t<\/div>\n\t\t\t\t\t<\/div>\n\t\t\t\t<\/div>\n\t\t\t\t\t<\/div>\n\t\t\t\t<\/div>\n\t\t<div class=\"elementor-element elementor-element-7058558 e-flex e-con-boxed e-con e-parent\" data-id=\"7058558\" data-element_type=\"container\">\n\t\t\t\t\t<div class=\"e-con-inner\">\n\t\t\t\t<div class=\"elementor-element elementor-element-898246a elementor-widget-divider--view-line elementor-widget elementor-widget-divider\" data-id=\"898246a\" data-element_type=\"widget\" data-widget_type=\"divider.default\">\n\t\t\t\t\t\t\t<div class=\"elementor-divider\">\n\t\t\t<span class=\"elementor-divider-separator\">\n\t\t\t\t\t\t<\/span>\n\t\t<\/div>\n\t\t\t\t\t\t<\/div>\n\t\t\t\t\t<\/div>\n\t\t\t\t<\/div>\n\t\t<div class=\"elementor-element elementor-element-f288742 e-flex e-con-boxed e-con e-parent\" data-id=\"f288742\" data-element_type=\"container\">\n\t\t\t\t\t<div class=\"e-con-inner\">\n\t\t<div class=\"elementor-element elementor-element-c34356f e-grid e-con-full e-con e-child\" data-id=\"c34356f\" data-element_type=\"container\">\n\t\t\t\t<div class=\"elementor-element elementor-element-d5e355a elementor-widget elementor-widget-text-editor\" data-id=\"d5e355a\" data-element_type=\"widget\" data-widget_type=\"text-editor.default\">\n\t\t\t\t\t\t\t\t\t<p dir=\"ltr\">Nuestra planta acad\u00e9mica reconoce la participaci\u00f3n de los y las arquitectas en la producci\u00f3n del h\u00e1bitat humano, como profesionales que conocen y proyectan las partes de dicho proceso que los dem\u00e1s agentes de la producci\u00f3n le solicitan. Teniendo nuestros or\u00edgenes en el Taller 5 de Autogobierno, reconocemos el compromiso con los sectores menos privilegiados de nuestro pa\u00eds y nuestra responsabilidad docente en el proceso ense\u00f1anza-aprendizaje basado en teor\u00edas constructivistas, a partir de proyectos que permiten la reflexi\u00f3n sobre los temas centrales de lo arquitect\u00f3nico, desarrollando habilidades de dise\u00f1o, siendo estas las caracter\u00edsticas esenciales de nuestra profesi\u00f3n.<\/p><p dir=\"ltr\">El taller Max Cetto se ha caracterizado por una permanente reflexi\u00f3n hist\u00f3rica del oficio como apoyo a una proyecci\u00f3n arquitect\u00f3nica insertada en la realidad de nuestro pa\u00eds, a trav\u00e9s de la realizaci\u00f3n de proyectos urbano-arquitect\u00f3nicos. Reconocemos la importancia de proyectar arquitectura que se inserte en la realidad de nuestro pa\u00eds, abordando los desaf\u00edos urbanos y arquitect\u00f3nicos. Nuestro objetivo principal es contribuir al mejoramiento del h\u00e1bitat humano, aplicando principios constructivistas en nuestra labor docente y en los proyectos que desarrollamos. Estas caracter\u00edsticas esenciales definen nuestra profesi\u00f3n y nos permiten cumplir con nuestro prop\u00f3sito como arquitectos y arquitectas.\u00a0\u00a0<\/p>\t\t\t\t\t\t\t\t<\/div>\n\t\t\t\t<div class=\"elementor-element elementor-element-182cea8 elementor-widget elementor-widget-text-editor\" data-id=\"182cea8\" data-element_type=\"widget\" data-widget_type=\"text-editor.default\">\n\t\t\t\t\t\t\t\t\t<div class=\"mb-8\"><p class=\"text-[#615d59] tracking-[0.15em] mb-2\">COORDINADORA<\/p><div class=\"pl-4\"><p dir=\"ltr\"><strong>Arq. Luc\u00eda Vivero Correa<\/strong><\/p><p dir=\"ltr\">55 56 22 02 10<\/p><p dir=\"ltr\">taller.cetto@fa.unam.mx<\/p><\/div><\/div><div class=\"\"><p class=\"text-[#615d59] tracking-[0.15em] mb-2\">SECRETARIA<\/p><div class=\"pl-4\"><p><strong>Sra. Josefa Hern\u00e1ndez Garc\u00eda<\/strong><\/p><\/div><\/div>\t\t\t\t\t\t\t\t<\/div>\n\t\t\t\t<\/div>\n\t\t\t\t\t<\/div>\n\t\t\t\t<\/div>\n\t\t<div class=\"elementor-element elementor-element-2244cdc e-flex e-con-boxed e-con e-parent\" data-id=\"2244cdc\" data-element_type=\"container\">\n\t\t\t\t\t<div class=\"e-con-inner\">\n\t\t<div class=\"elementor-element elementor-element-0a1c8f4 e-grid e-con-full e-con e-child\" data-id=\"0a1c8f4\" data-element_type=\"container\">\n\t\t\t\t<div class=\"elementor-element elementor-element-eab6e05 elementor-widget elementor-widget-spacer\" data-id=\"eab6e05\" data-element_type=\"widget\" data-widget_type=\"spacer.default\">\n\t\t\t\t\t\t\t<div class=\"elementor-spacer\">\n\t\t\t<div class=\"elementor-spacer-inner\"><\/div>\n\t\t<\/div>\n\t\t\t\t\t\t<\/div>\n\t\t\t\t<div class=\"elementor-element elementor-element-8fe90ce elementor-shape-circle elementor-grid-0 e-grid-align-center elementor-widget elementor-widget-social-icons\" data-id=\"8fe90ce\" data-element_type=\"widget\" data-widget_type=\"social-icons.default\">\n\t\t\t\t\t\t\t<div class=\"elementor-social-icons-wrapper elementor-grid\" role=\"list\">\n\t\t\t\t\t\t\t<span class=\"elementor-grid-item\" role=\"listitem\">\n\t\t\t\t\t<a class=\"elementor-icon elementor-social-icon elementor-social-icon-instagram elementor-animation-pulse elementor-repeater-item-61a0545\" href=\"https:\/\/www.instagram.com\/lacoordinaciondelcetto?igshid=YmMyMTA2M2Y%3D\" target=\"_blank\">\n\t\t\t\t\t\t<span class=\"elementor-screen-only\">Instagram<\/span>\n\t\t\t\t\t\t<svg aria-hidden=\"true\" class=\"e-font-icon-svg e-fab-instagram\" viewBox=\"0 0 448 512\" xmlns=\"http:\/\/www.w3.org\/2000\/svg\"><path d=\"M224.1 141c-63.6 0-114.9 51.3-114.9 114.9s51.3 114.9 114.9 114.9S339 319.5 339 255.9 287.7 141 224.1 141zm0 189.6c-41.1 0-74.7-33.5-74.7-74.7s33.5-74.7 74.7-74.7 74.7 33.5 74.7 74.7-33.6 74.7-74.7 74.7zm146.4-194.3c0 14.9-12 26.8-26.8 26.8-14.9 0-26.8-12-26.8-26.8s12-26.8 26.8-26.8 26.8 12 26.8 26.8zm76.1 27.2c-1.7-35.9-9.9-67.7-36.2-93.9-26.2-26.2-58-34.4-93.9-36.2-37-2.1-147.9-2.1-184.9 0-35.8 1.7-67.6 9.9-93.9 36.1s-34.4 58-36.2 93.9c-2.1 37-2.1 147.9 0 184.9 1.7 35.9 9.9 67.7 36.2 93.9s58 34.4 93.9 36.2c37 2.1 147.9 2.1 184.9 0 35.9-1.7 67.7-9.9 93.9-36.2 26.2-26.2 34.4-58 36.2-93.9 2.1-37 2.1-147.8 0-184.8zM398.8 388c-7.8 19.6-22.9 34.7-42.6 42.6-29.5 11.7-99.5 9-132.1 9s-102.7 2.6-132.1-9c-19.6-7.8-34.7-22.9-42.6-42.6-11.7-29.5-9-99.5-9-132.1s-2.6-102.7 9-132.1c7.8-19.6 22.9-34.7 42.6-42.6 29.5-11.7 99.5-9 132.1-9s102.7-2.6 132.1 9c19.6 7.8 34.7 22.9 42.6 42.6 11.7 29.5 9 99.5 9 132.1s2.7 102.7-9 132.1z\"><\/path><\/svg>\t\t\t\t\t<\/a>\n\t\t\t\t<\/span>\n\t\t\t\t\t\t\t<span class=\"elementor-grid-item\" role=\"listitem\">\n\t\t\t\t\t<a class=\"elementor-icon elementor-social-icon elementor-social-icon-facebook elementor-animation-pulse elementor-repeater-item-c65eeff\" href=\"https:\/\/www.facebook.com\/CoordinacionTMC?tsid=0.06506223966964386&#038;source=result&#038;_rdr\" target=\"_blank\">\n\t\t\t\t\t\t<span class=\"elementor-screen-only\">Facebook<\/span>\n\t\t\t\t\t\t<svg aria-hidden=\"true\" class=\"e-font-icon-svg e-fab-facebook\" viewBox=\"0 0 512 512\" xmlns=\"http:\/\/www.w3.org\/2000\/svg\"><path d=\"M504 256C504 119 393 8 256 8S8 119 8 256c0 123.78 90.69 226.38 209.25 245V327.69h-63V256h63v-54.64c0-62.15 37-96.48 93.67-96.48 27.14 0 55.52 4.84 55.52 4.84v61h-31.28c-30.8 0-40.41 19.12-40.41 38.73V256h68.78l-11 71.69h-57.78V501C413.31 482.38 504 379.78 504 256z\"><\/path><\/svg>\t\t\t\t\t<\/a>\n\t\t\t\t<\/span>\n\t\t\t\t\t<\/div>\n\t\t\t\t\t\t<\/div>\n\t\t\t\t<\/div>\n\t\t\t\t\t<\/div>\n\t\t\t\t<\/div>\n\t\t<div class=\"elementor-element elementor-element-5ea8933 e-flex e-con-boxed e-con e-parent\" data-id=\"5ea8933\" data-element_type=\"container\">\n\t\t\t\t\t<div class=\"e-con-inner\">\n\t\t\t\t<div class=\"elementor-element elementor-element-fe3c333 elementor-widget-divider--view-line elementor-widget elementor-widget-divider\" data-id=\"fe3c333\" data-element_type=\"widget\" data-widget_type=\"divider.default\">\n\t\t\t\t\t\t\t<div class=\"elementor-divider\">\n\t\t\t<span class=\"elementor-divider-separator\">\n\t\t\t\t\t\t<\/span>\n\t\t<\/div>\n\t\t\t\t\t\t<\/div>\n\t\t\t\t\t<\/div>\n\t\t\t\t<\/div>\n\t\t<div class=\"elementor-element elementor-element-5b7a9f9 e-flex e-con-boxed e-con e-parent\" data-id=\"5b7a9f9\" data-element_type=\"container\">\n\t\t\t\t\t<div class=\"e-con-inner\">\n\t\t\t\t<div class=\"elementor-element elementor-element-bb88cd9 elementor-widget elementor-widget-spacer\" data-id=\"bb88cd9\" data-element_type=\"widget\" data-widget_type=\"spacer.default\">\n\t\t\t\t\t\t\t<div class=\"elementor-spacer\">\n\t\t\t<div class=\"elementor-spacer-inner\"><\/div>\n\t\t<\/div>\n\t\t\t\t\t\t<\/div>\n\t\t\t\t\t<\/div>\n\t\t\t\t<\/div>\n\t\t\t\t<\/div>\n\t\t","protected":false},"excerpt":{"rendered":"<p>TALLER MAX CETTO Nuestra planta acad\u00e9mica reconoce la participaci\u00f3n de los y las arquitectas en la producci\u00f3n del h\u00e1bitat humano, como profesionales que conocen y proyectan las partes de dicho proceso que los dem\u00e1s agentes de la producci\u00f3n le solicitan. Teniendo nuestros or\u00edgenes en el Taller 5 de Autogobierno, reconocemos el compromiso con los sectores [&hellip;]<\/p>\n","protected":false},"author":1,"featured_media":0,"parent":0,"menu_order":0,"comment_status":"closed","ping_status":"closed","template":"","meta":{"footnotes":""},"class_list":["post-1680","page","type-page","status-publish","hentry"],"_links":{"self":[{"href":"https:\/\/fa.dtx.mx\/index.php?rest_route=\/wp\/v2\/pages\/1680","targetHints":{"allow":["GET"]}}],"collection":[{"href":"https:\/\/fa.dtx.mx\/index.php?rest_route=\/wp\/v2\/pages"}],"about":[{"href":"https:\/\/fa.dtx.mx\/index.php?rest_route=\/wp\/v2\/types\/page"}],"author":[{"embeddable":true,"href":"https:\/\/fa.dtx.mx\/index.php?rest_route=\/wp\/v2\/users\/1"}],"replies":[{"embeddable":true,"href":"https:\/\/fa.dtx.mx\/index.php?rest_route=%2Fwp%2Fv2%2Fcomments&post=1680"}],"version-history":[{"count":16,"href":"https:\/\/fa.dtx.mx\/index.php?rest_route=\/wp\/v2\/pages\/1680\/revisions"}],"predecessor-version":[{"id":1781,"href":"https:\/\/fa.dtx.mx\/index.php?rest_route=\/wp\/v2\/pages\/1680\/revisions\/1781"}],"wp:attachment":[{"href":"https:\/\/fa.dtx.mx\/index.php?rest_route=%2Fwp%2Fv2%2Fmedia&parent=1680"}],"curies":[{"name":"wp","href":"https:\/\/api.w.org\/{rel}","templated":true}]}}