{"id":1156,"date":"2025-10-30T19:24:55","date_gmt":"2025-10-30T19:24:55","guid":{"rendered":"https:\/\/fa.dtx.mx\/?page_id=1156"},"modified":"2025-10-31T22:24:25","modified_gmt":"2025-10-31T22:24:25","slug":"catedras","status":"publish","type":"page","link":"https:\/\/fa.dtx.mx\/?page_id=1156","title":{"rendered":"C\u00c1TEDRAS"},"content":{"rendered":"\t\t<div data-elementor-type=\"wp-page\" data-elementor-id=\"1156\" class=\"elementor elementor-1156\" data-elementor-post-type=\"page\">\n\t\t\t\t<div class=\"elementor-element elementor-element-a69e1b0 e-flex e-con-boxed e-con e-parent\" data-id=\"a69e1b0\" data-element_type=\"container\">\n\t\t\t\t\t<div class=\"e-con-inner\">\n\t\t\t\t<div class=\"elementor-element elementor-element-5540bec elementor-widget-divider--view-line elementor-widget elementor-widget-divider\" data-id=\"5540bec\" data-element_type=\"widget\" data-widget_type=\"divider.default\">\n\t\t\t\t\t\t\t<div class=\"elementor-divider\">\n\t\t\t<span class=\"elementor-divider-separator\">\n\t\t\t\t\t\t<\/span>\n\t\t<\/div>\n\t\t\t\t\t\t<\/div>\n\t\t\t\t\t<\/div>\n\t\t\t\t<\/div>\n\t\t<div class=\"elementor-element elementor-element-03ccd90 e-flex e-con-boxed e-con e-parent\" data-id=\"03ccd90\" data-element_type=\"container\">\n\t\t\t\t\t<div class=\"e-con-inner\">\n\t\t\t\t<div class=\"elementor-element elementor-element-41f2319 elementor-widget elementor-widget-heading\" data-id=\"41f2319\" data-element_type=\"widget\" data-widget_type=\"heading.default\">\n\t\t\t\t\t<h2 class=\"elementor-heading-title elementor-size-default\">C\u00c1TEDRAS<\/h2>\t\t\t\t<\/div>\n\t\t\t\t\t<\/div>\n\t\t\t\t<\/div>\n\t\t<div class=\"elementor-element elementor-element-732752c e-flex e-con-boxed e-con e-parent\" data-id=\"732752c\" data-element_type=\"container\">\n\t\t\t\t\t<div class=\"e-con-inner\">\n\t\t\t\t<div class=\"elementor-element elementor-element-ce7fc16 elementor-widget-divider--view-line elementor-widget elementor-widget-divider\" data-id=\"ce7fc16\" data-element_type=\"widget\" data-widget_type=\"divider.default\">\n\t\t\t\t\t\t\t<div class=\"elementor-divider\">\n\t\t\t<span class=\"elementor-divider-separator\">\n\t\t\t\t\t\t<\/span>\n\t\t<\/div>\n\t\t\t\t\t\t<\/div>\n\t\t\t\t\t<\/div>\n\t\t\t\t<\/div>\n\t\t<div class=\"elementor-element elementor-element-96d4131 e-flex e-con-boxed e-con e-parent\" data-id=\"96d4131\" data-element_type=\"container\">\n\t\t\t\t\t<div class=\"e-con-inner\">\n\t\t<div class=\"elementor-element elementor-element-0d973e6 e-grid e-con-full e-con e-child\" data-id=\"0d973e6\" data-element_type=\"container\">\n\t\t\t\t<div class=\"elementor-element elementor-element-e034d5e elementor-widget elementor-widget-text-editor\" data-id=\"e034d5e\" data-element_type=\"widget\" data-widget_type=\"text-editor.default\">\n\t\t\t\t\t\t\t\t\t<p><span dir=\"auto\" style=\"vertical-align: inherit;\">Con fundamento en el Reglamento del Sistema de C\u00e1tedras y Est\u00edmulos Especiales de la Universidad Nacional Aut\u00f3noma de M\u00e9xico, la Facultad de Arquitectura de la UNAM public\u00f3 el 4 de febrero de 2025 en la Gaceta UNAM las convocatorias de las <\/span><strong><span dir=\"auto\" style=\"vertical-align: inherit;\">C\u00e1tedras Especiales.<\/span><\/strong><\/p><ul><li><h5><strong><a href=\"https:\/\/drive.google.com\/file\/d\/1OlqA_8X0jAJw6Ryl_Su_wYEDZ7970eo-\/view?usp=sharing\" target=\"_blank\" rel=\"noreferrer noopener\"><span dir=\"auto\" style=\"vertical-align: inherit;\">Douglas Scott, en el \u00e1rea de Dise\u00f1o Industrial<\/span><\/a><\/strong><\/h5><\/li><li><h5><strong><a href=\"https:\/\/drive.google.com\/file\/d\/1EzgUy2uwJdHF5BYbgqCdXwA18EvTWTGt\/view?usp=sharing\" target=\"_blank\" rel=\"noreferrer noopener\"><span dir=\"auto\" style=\"vertical-align: inherit;\">Javier Garc\u00eda Lascur\u00e1in, en el \u00e1rea Dise\u00f1o y Proyectos<\/span><\/a><\/strong><\/h5><\/li><li><h5><strong><a href=\"https:\/\/drive.google.com\/file\/d\/16eS5dxid-n9UnYIPHjUjG4TxdGtOm43E\/view?usp=sharing\" target=\"_blank\" rel=\"noreferrer noopener\"><span dir=\"auto\" style=\"vertical-align: inherit;\">Jos\u00e9 Villagr\u00e1n Garc\u00eda, en el \u00e1rea de Teor\u00eda<\/span><\/a><\/strong><\/h5><\/li><li><h5><strong><a href=\"https:\/\/drive.google.com\/file\/d\/1OEcY-YoohtB6fyi3v4UL83mqU1Jxhffd\/view?usp=sharing\" target=\"_blank\" rel=\"noreferrer noopener\"><span dir=\"auto\" style=\"vertical-align: inherit;\">Mauricio M. Campos, en el \u00e1rea Tecnolog\u00eda y Construcci\u00f3n<\/span><\/a><\/strong><\/h5><\/li><li><h5><strong><a href=\"https:\/\/drive.google.com\/file\/d\/1ZeUR3DIdipJ7zZrNIX5djhwbOiClbiDm\/view?usp=sharing\" target=\"_blank\" rel=\"noreferrer noopener\"><span dir=\"auto\" style=\"vertical-align: inherit;\">Enrique del Moral, en el \u00e1rea Urbano Ambiental<\/span><\/a><\/strong><\/h5><\/li><li><h5><strong><a href=\"https:\/\/drive.google.com\/file\/d\/1dmmeTHpebCO_UivDEhkTrrIY7Xzhi_gL\/view?usp=sharing\" target=\"_blank\" rel=\"noreferrer noopener\"><span dir=\"auto\" style=\"vertical-align: inherit;\">Jorge Gonz\u00e1lez Reyna, en el \u00e1rea Dise\u00f1o y Proyectos<\/span><\/a><\/strong><\/h5><\/li><li><h5><strong><a href=\"https:\/\/drive.google.com\/file\/d\/1kFZ1NZ_FoUuTjUdFzZiLODBpWARrRVp-\/view?usp=sharing\" target=\"_blank\" rel=\"noreferrer noopener\"><span dir=\"auto\" style=\"vertical-align: inherit;\">Juan de la Encina, en el \u00e1rea de Historia<\/span><\/a><\/strong><\/h5><\/li><\/ul><p><strong><br \/><\/strong><span dir=\"auto\" style=\"vertical-align: inherit;\">La Facultad de Arquitectura, de conformidad con lo establecido en el art\u00edculo 14 del Reglamento del Sistema de C\u00e1tedras y Est\u00edmulos Especiales de la UNAM y de las C\u00e1tedras Especiales propuestas y aprobadas por el H. Consejo T\u00e9cnico de la propia Facultad, convoca:<\/span><strong><br \/><\/strong><\/p><p><span dir=\"auto\" style=\"vertical-align: inherit;\">A los profesores de carrera adscritos a la Facultad de Arquitectura, que re\u00fanen los requisitos se\u00f1alados en los art\u00edculos 13, 15 y 16 del reglamento citado, a presentar su solicitud para ocupar, por un a\u00f1o, la C\u00e1tedra Especial.<\/span><\/p><p><span dir=\"auto\" style=\"vertical-align: inherit;\">Esta C\u00e1tedra Especial se asignar\u00e1 al acad\u00e9mico que, a juicio de la Comisi\u00f3n de Premios, Reconocimientos y C\u00e1tedras Especiales y de acuerdo con el reglamento citado, presenta el proyecto de mayor calidad.<\/span><\/p><p><span dir=\"auto\" style=\"vertical-align: inherit;\">Las solicitudes deber\u00e1n presentarse en la Secretar\u00eda General en un plazo que concluir\u00e1 a los treinta d\u00edas naturales de haber publicada esta convocatoria en la Gaceta UNAM y, deber\u00e1n acompa\u00f1arse de la siguiente documentaci\u00f3n en carpeta digital enviada por medios electr\u00f3nicos:<\/span><\/p>\t\t\t\t\t\t\t\t<\/div>\n\t\t\t\t<div class=\"elementor-element elementor-element-a8ca77f elementor-widget elementor-widget-text-editor\" data-id=\"a8ca77f\" data-element_type=\"widget\" data-widget_type=\"text-editor.default\">\n\t\t\t\t\t\t\t\t\t<div class=\"mb-8\"><p class=\"text-[#615d59] tracking-[0.15em] mb-2\">SECRETARIO ACAD\u00c9MICO<\/p><p>Encargado del programa<\/p><p><strong>Mtro. Alejandro Cabeza P\u00e9rez<\/strong><\/p><p>Tel\u00e9fono: 55 56 22 03 07<\/p><p>correo: s.academica@fa.unam.mx<\/p><\/div><div class=\"\"><p>\u00a0<\/p><p class=\"text-[#615d59] tracking-[0.15em] mb-2\">UNIDAD DE APOYO A CUERPOS COLEGIADOS<\/p><div class=\"pl-4\"><p>Recepci\u00f3n y manejo de expedientes<\/p><p><strong>Mtro. Jorge Enrique P\u00e1ez Vieyra<\/strong><\/p><p>Tel\u00e9fono: 55 56 22 03 08 y 55 56 22 03 16<\/p><p>correo: colegiados@fa.unam.mx<\/p><\/div><\/div>\t\t\t\t\t\t\t\t<\/div>\n\t\t\t\t<\/div>\n\t\t\t\t\t<\/div>\n\t\t\t\t<\/div>\n\t\t<div class=\"elementor-element elementor-element-d5c752e e-flex e-con-boxed e-con e-parent\" data-id=\"d5c752e\" data-element_type=\"container\">\n\t\t\t\t\t<div class=\"e-con-inner\">\n\t\t\t\t<div class=\"elementor-element elementor-element-377619a elementor-widget-divider--view-line elementor-widget elementor-widget-divider\" data-id=\"377619a\" data-element_type=\"widget\" data-widget_type=\"divider.default\">\n\t\t\t\t\t\t\t<div class=\"elementor-divider\">\n\t\t\t<span class=\"elementor-divider-separator\">\n\t\t\t\t\t\t<\/span>\n\t\t<\/div>\n\t\t\t\t\t\t<\/div>\n\t\t\t\t\t<\/div>\n\t\t\t\t<\/div>\n\t\t<div class=\"elementor-element elementor-element-1d8b0ab e-flex e-con-boxed e-con e-parent\" data-id=\"1d8b0ab\" data-element_type=\"container\">\n\t\t\t\t\t<div class=\"e-con-inner\">\n\t\t\t\t<div class=\"elementor-element elementor-element-252737b elementor-widget elementor-widget-text-editor\" data-id=\"252737b\" data-element_type=\"widget\" data-widget_type=\"text-editor.default\">\n\t\t\t\t\t\t\t\t\t<div class=\"mb-8\"><h1 class=\"font-black text-[30px] leading-[34px] lg:text-[40px] lg:leading-[48px] font-medium text-[#615d59]\">Lineamientos para la conformaci\u00f3n del expediente<\/h1><\/div><div class=\"\"><div class=\"text  space-y-4\"><p><strong>El expediente electr\u00f3nico deber\u00e1 conformarse por los siguientes documentos, en una carpeta digital Drive o Dropbox.<\/strong><\/p><p>1. <strong>Solicitud<\/strong> dirigida al Director de la Facultad de Arquitectura.<\/p><p>2. Una <strong>semblanza acad\u00e9mica<\/strong>. Para la <strong>redacci\u00f3n de la\u00a0\u00a0semblanza<\/strong>, se seguir\u00e1 el formato emitido por la Secretar\u00eda General de la UNAM para Premios y Reconocimientos, y que usted podr\u00e1 encontrar en una gu\u00eda incluida al final de este\u00a0instructivo.<\/p><p>3. <em><strong>Curr\u00edculum vitae<\/strong><\/em> actualizado. El <strong><em>curr\u00edculum vitae<\/em><\/strong>\u00a0actualizado debe venir en un solo PDF, debe incluir \u00edndice de\u00a0contenido y n\u00fameros de p\u00e1ginas.<\/p><p>4. Documentaci\u00f3n probatoria Escaneo de los <strong>principales documentos probatorios de su CV<\/strong>, \u00e9stos deben organizarse en conjuntos de PDF que correspondan a los rubros en los que se ha organizado el curr\u00edculum, es decir, por cada rubro un solo PDF no mayor a 20MB que contenga varias p\u00e1ginas:<\/p><p>a) Un PDF (no mayor a 20MB) de documentos probatorios en de los que consten grados obtenidos y formaci\u00f3n acad\u00e9mica, adscripci\u00f3n, categor\u00eda y nivel, funciones asignadas, antig\u00fcedad en la instituci\u00f3n y vigencia en su relaci\u00f3n laboral\u00a0antig\u00fcedad en la instituci\u00f3n y vigencia en su relaci\u00f3n laboral.<\/p><p>b) Agrupe por rubros en PDF la documentaci\u00f3n probatoria que permita al H. Consejo T\u00e9cnico la evaluaci\u00f3n de la persona solicitante, espec\u00edficamente en lo que se refiere a actividades docentes tales como: cursos impartidos, cursos de formaci\u00f3n docente, direcci\u00f3n de tesis, formaci\u00f3n de grupos de trabajo, elaboraci\u00f3n de material did\u00e1ctico, participaci\u00f3n en comisiones acad\u00e9micas, publicaciones de la persona acad\u00e9mica.<\/p><p>5. <strong>Proyecto de trabajo <\/strong>que incluya, m\u00ednimamente:\u00a0objetivo general; objetivos espec\u00edficos; justificaci\u00f3n acad\u00e9mica; desarrollo del proyecto; alcances y productos esperados; fuentes de consulta; y cronograma de actividades.<\/p><p>6. <strong>Carta compromiso<\/strong> de aceptaci\u00f3n de la c\u00e1tedra y de que cumplir\u00e1 con lo siguiente: Impartir, al t\u00e9rmino de C\u00e1tedra un <strong>curso<\/strong> con una duraci\u00f3n de 30 horas (incluir t\u00edtulo y programa general tentativos). Producir, al t\u00e9rmino del a\u00f1o, un <strong>documento (publicaci\u00f3n electr\u00f3nica o material did\u00e1ctico<\/strong><strong>)<\/strong> de acuerdo con el programa inicialmente presentado.\u00a0<\/p><p><strong><br \/><em>La carta de aceptaci\u00f3n deber\u00e1 ser dirigida al Director de la Facultad, escaneada con su firma aut\u00f3grafa.<\/em><\/strong><\/p><\/div><\/div>\t\t\t\t\t\t\t\t<\/div>\n\t\t\t\t\t<\/div>\n\t\t\t\t<\/div>\n\t\t<div class=\"elementor-element elementor-element-e38738f e-flex e-con-boxed e-con e-parent\" data-id=\"e38738f\" data-element_type=\"container\">\n\t\t\t\t\t<div class=\"e-con-inner\">\n\t\t\t\t<div class=\"elementor-element elementor-element-8926329 elementor-widget-divider--view-line elementor-widget elementor-widget-divider\" data-id=\"8926329\" data-element_type=\"widget\" data-widget_type=\"divider.default\">\n\t\t\t\t\t\t\t<div class=\"elementor-divider\">\n\t\t\t<span class=\"elementor-divider-separator\">\n\t\t\t\t\t\t<\/span>\n\t\t<\/div>\n\t\t\t\t\t\t<\/div>\n\t\t\t\t\t<\/div>\n\t\t\t\t<\/div>\n\t\t<div class=\"elementor-element elementor-element-fa48e34 e-flex e-con-boxed e-con e-parent\" data-id=\"fa48e34\" data-element_type=\"container\">\n\t\t\t\t\t<div class=\"e-con-inner\">\n\t\t\t\t<div class=\"elementor-element elementor-element-e0c4b63 elementor-widget elementor-widget-text-editor\" data-id=\"e0c4b63\" data-element_type=\"widget\" data-widget_type=\"text-editor.default\">\n\t\t\t\t\t\t\t\t\t<p>El objetivo de la propuesta de organizaci\u00f3n de la documentaci\u00f3n probatoria descrita en este instructivo es facilitar la revisi\u00f3n a la Comisi\u00f3n que revisar\u00e1 la propuesta, de manera que puedan ir siguiendo la lectura de su curr\u00edculum y semblanza y verificar de manera sencilla los documentos probatorios.<\/p><p>Organice los probatorios dentro de cada PDF de acuerdo con el criterio que utiliz\u00f3 en su curr\u00edculum.<\/p><p>Ejemplos de documentaci\u00f3n Probatoria (nombres de <strong>archivos propuestos<\/strong> como ejemplo para cada rubro)<\/p><ul><li><em>Formaci\u00f3n acad\u00e9mica (grados obtenidos, becas, otros estudios).<\/em><\/li><li><em>Trayectoria y experiencia profesional (nombramientos, t\u00edtulos y\/o diplomas).<\/em><\/li><li><em>Distinciones y premios (incluir escaneo de originales).<\/em><\/li><li><em>\u00d3rganos colegiados y nombramientos acad\u00e9mico-administrativos (incluir escaneo de constancias).<\/em><\/li><li><em>Proyectos de investigaci\u00f3n y\/o docencia (incluir escaneo de originales de oficios o cartas). Contribuciones (incluir constancias).<\/em><\/li><li><em>Publicaciones (incluir un listado en primera p\u00e1gina del PDF; no es necesario escanear toda la publicaci\u00f3n, s\u00f3lo portada, hoja legal, \u00edndice, primera p\u00e1gina; y organizar en las siguientes secciones internas:<\/em><\/li><\/ul><ul><li><em>Art\u00edculos<\/em><\/li><li><em>Libros<\/em><\/li><li><em>Cap\u00edtulos<\/em><\/li><\/ul>\t\t\t\t\t\t\t\t<\/div>\n\t\t\t\t\t<\/div>\n\t\t\t\t<\/div>\n\t\t<div class=\"elementor-element elementor-element-ca3840f e-flex e-con-boxed e-con e-parent\" data-id=\"ca3840f\" data-element_type=\"container\">\n\t\t\t\t\t<div class=\"e-con-inner\">\n\t\t\t\t<div class=\"elementor-element elementor-element-8762430 elementor-widget-divider--view-line elementor-widget elementor-widget-divider\" data-id=\"8762430\" data-element_type=\"widget\" data-widget_type=\"divider.default\">\n\t\t\t\t\t\t\t<div class=\"elementor-divider\">\n\t\t\t<span class=\"elementor-divider-separator\">\n\t\t\t\t\t\t<\/span>\n\t\t<\/div>\n\t\t\t\t\t\t<\/div>\n\t\t\t\t\t<\/div>\n\t\t\t\t<\/div>\n\t\t<div class=\"elementor-element elementor-element-7abfd9c e-flex e-con-boxed e-con e-parent\" data-id=\"7abfd9c\" data-element_type=\"container\">\n\t\t\t\t\t<div class=\"e-con-inner\">\n\t\t\t\t<div class=\"elementor-element elementor-element-307dc91 elementor-widget elementor-widget-text-editor\" data-id=\"307dc91\" data-element_type=\"widget\" data-widget_type=\"text-editor.default\">\n\t\t\t\t\t\t\t\t\t<div class=\"mb-8\"><h1 class=\"font-black text-[30px] leading-[34px] lg:text-[40px] lg:leading-[48px] font-medium text-[#615d59]\">Env\u00edo de expediente electr\u00f3nico<\/h1><\/div><div class=\"\"><div class=\"text  space-y-4\"><p>El <strong>expediente electr\u00f3nico<\/strong> deber\u00e1 entregarse mediante enlace a la carpeta electr\u00f3nica al correo <strong>colegiados@fa.unam.mx<\/strong><\/p><p>(Coordinaci\u00f3n de Apoyo a Cuerpos Colegiados) a m\u00e1s tardar el <strong>6 de marzo de febrero de 2025 a las 15:00 horas (<\/strong>a treinta d\u00edas naturales de haberse publicado la convocatoria en la Gaceta UNAM).<\/p><p>Si la carpeta pesa menos de 25 MB (lo que cabe en un correo) pueden a\u00f1adirse los documentos al correo electr\u00f3nico de env\u00edo, en lugar del enlace a la carpeta, en un solo env\u00edo de correo electr\u00f3nico.<\/p><p><strong>ATENCI\u00d3N: No se aceptar\u00e1n varios env\u00edos separados en distintos correos electr\u00f3nicos.<\/strong><\/p><\/div><\/div>\t\t\t\t\t\t\t\t<\/div>\n\t\t\t\t\t<\/div>\n\t\t\t\t<\/div>\n\t\t<div class=\"elementor-element elementor-element-fad6589 e-flex e-con-boxed e-con e-parent\" data-id=\"fad6589\" data-element_type=\"container\">\n\t\t\t\t\t<div class=\"e-con-inner\">\n\t\t\t\t<div class=\"elementor-element elementor-element-be07c74 elementor-widget-divider--view-line elementor-widget elementor-widget-divider\" data-id=\"be07c74\" data-element_type=\"widget\" data-widget_type=\"divider.default\">\n\t\t\t\t\t\t\t<div class=\"elementor-divider\">\n\t\t\t<span class=\"elementor-divider-separator\">\n\t\t\t\t\t\t<\/span>\n\t\t<\/div>\n\t\t\t\t\t\t<\/div>\n\t\t\t\t\t<\/div>\n\t\t\t\t<\/div>\n\t\t<div class=\"elementor-element elementor-element-8f67e98 e-flex e-con-boxed e-con e-parent\" data-id=\"8f67e98\" data-element_type=\"container\">\n\t\t\t\t\t<div class=\"e-con-inner\">\n\t\t\t\t<div class=\"elementor-element elementor-element-ba3fb02 elementor-widget elementor-widget-text-editor\" data-id=\"ba3fb02\" data-element_type=\"widget\" data-widget_type=\"text-editor.default\">\n\t\t\t\t\t\t\t\t\t<div class=\"mb-8\"><h1 class=\"font-black text-[30px] leading-[34px] lg:text-[40px] lg:leading-[48px] font-medium text-[#615d59]\">Contenido de la Semblanza<\/h1><\/div><div class=\"\"><div class=\"text  space-y-4\"><ul><li>Nombre completo<\/li><li>Lugar y fecha de nacimiento<\/li><li>Estudios profesionales (se\u00f1alar el nombre de las instituciones donde se realizaron los estudios de licenciatura y posgrado)<\/li><li>Nombramiento actual en la UNAM; PRIDE y\/o SNI (en caso de contar con ellos).<\/li><li>Actividades acad\u00e9micas (de investigaci\u00f3n y docentes) en la UNAM<\/li><li>Actividades acad\u00e9micas (de investigaci\u00f3n y docentes) fuera de la UNAM<\/li><li>Actividades acad\u00e9mico-administrativas en la UNAM y fuera de la UNAM, consignando los respectivos nombramientos<\/li><li>Membres\u00eda en comisiones acad\u00e9micas o cuerpos colegiados, por ejemplo: Consejo T\u00e9cnico, Consejo Universitario, Comisi\u00f3n\u00a0Dictaminadora, etc.<\/li><li>Obra. Principales publicaciones: libros, art\u00edculos, materiales para la docencia, autor\u00edas, coautor\u00edas, colaboraciones en revistas, etc.<\/li><li>Difusi\u00f3n: conferencias, ponencias, participaci\u00f3n en congresos (asistencia o ponencia), c\u00e1tedras especiales o extraordinarias &#8211; Membres\u00eda en asociaciones profesionales (miembro, ex miembro, fundadora, etc.)<\/li><li>Premios y distinciones<\/li><li>Informaci\u00f3n adicional que estime pertinente agregar.<\/li><\/ul><\/div><\/div>\t\t\t\t\t\t\t\t<\/div>\n\t\t\t\t\t<\/div>\n\t\t\t\t<\/div>\n\t\t<div class=\"elementor-element elementor-element-773f348 e-flex e-con-boxed e-con e-parent\" data-id=\"773f348\" data-element_type=\"container\">\n\t\t\t\t\t<div class=\"e-con-inner\">\n\t\t\t\t<div class=\"elementor-element elementor-element-d3d26fa elementor-widget-divider--view-line elementor-widget elementor-widget-divider\" data-id=\"d3d26fa\" data-element_type=\"widget\" data-widget_type=\"divider.default\">\n\t\t\t\t\t\t\t<div class=\"elementor-divider\">\n\t\t\t<span class=\"elementor-divider-separator\">\n\t\t\t\t\t\t<\/span>\n\t\t<\/div>\n\t\t\t\t\t\t<\/div>\n\t\t\t\t\t<\/div>\n\t\t\t\t<\/div>\n\t\t<div class=\"elementor-element elementor-element-9dd4212 e-flex e-con-boxed e-con e-parent\" data-id=\"9dd4212\" data-element_type=\"container\">\n\t\t\t\t\t<div class=\"e-con-inner\">\n\t\t\t\t<div class=\"elementor-element elementor-element-aafb448 elementor-widget elementor-widget-text-editor\" data-id=\"aafb448\" data-element_type=\"widget\" data-widget_type=\"text-editor.default\">\n\t\t\t\t\t\t\t\t\t<div class=\"mb-8\"><h1 class=\"font-black text-[30px] leading-[34px] lg:text-[40px] lg:leading-[48px] font-medium text-[#615d59]\">Presentaci\u00f3n de la informaci\u00f3n de la Semblanza Acad\u00e9mica<\/h1><\/div><div class=\"\"><div class=\"text  space-y-4\"><p><strong>En el encabezado:<\/strong><\/p><ul><li>Grado de la\/el acad\u00e9mico (Dra., Mtra., Lic.) en negritas<\/li><li>Nombre de la\/el acad\u00e9mico en negritas<\/li><li>En it\u00e1licas\/cursivas los nombres de:<\/li><li>Libros<\/li><li>Revistas<\/li><li>Blogs<\/li><li>Programas y premios de la DGAPA<\/li><li>Vocablos extranjeros (no aplica para nombres de instituciones, programas, seminarios, conferencias)<\/li><li>Peri\u00f3dicos<\/li><\/ul><p><strong>Entre comillas:<\/strong><\/p><ul><li>Proyectos<\/li><li>Art\u00edculos de revistas o blogs<\/li><li>Cap\u00edtulos de libros<\/li><li>Tesis<\/li><li>Nombres de los planteles de la Escuela Nacional Preparatoria<\/li><li>Nombres de talleres, exposiciones, colecciones, diplomados, cursos, seminarios, conferencias, coloquios, congresos, etc. Cuando se enumeren varios de estos eventos en un mismo p\u00e1rrafo, separados por coma o punto y coma, no llevar\u00e1n comillas, para no sobrecargar el texto.<\/li><\/ul><p><strong>Sin comillas, ni cursivas, con may\u00fasculas y min\u00fasculas:\u00a0<\/strong><\/p><ul><li>Premios<\/li><li>Medallas<\/li><li>Concursos<\/li><li>C\u00e1tedras especiales<\/li><li>Nombres de las FES\/ENES<\/li><li>Nombres de las FES\/ENES<\/li><li>Programas<\/li><li>Planes<\/li><li>Manuales<\/li><li>Acr\u00f3nimos (con la inicial en may\u00fascula)<\/li><\/ul><p><strong>En versalitas min\u00fasculas:<\/strong><\/p><ul><li>Siglas<\/li><li>N\u00famero romano<\/li><\/ul><p><strong>May\u00fasculas:<\/strong><\/p><ul><li>Letra Inicial de asignaturas (solo la primera palabra)<\/li><li>Letra Inicial de las palabras plan, programa y proyecto (cuando incluyen el nombre de \u00e9stos)<\/li><li>Letra Inicial de disciplinas o \u00e1reas de conocimiento (solo la primera palabra)<\/li><li>Letra Inicial de las disciplinas de licenciaturas, maestr\u00edas, doctorados y especialidades (aunque estas palabras van con min\u00fasculas salvo si se abrevian).<\/li><\/ul><p><strong>Con min\u00fasculas:<\/strong><\/p><ul><li>Cargos: director, jefe (de departamento), coordinador, etc.<\/li><li>Facultad, escuela, instituto, centro, etc., cuando no se menciona su nombre completo<\/li><\/ul><p><strong>Otras especificaciones:<\/strong><\/p><ul><li>\u00cdndice h = 5 (con espacio antes y despu\u00e9s del signo =)<\/li><li>Cantidades de cuatro cifras: todas las cifras juntas (1367, 5748, 9032)<\/li><li>Cantidades de cinco cifras: separar con un espacio las primeras dos cifras del resto (20 498, 11 057, 16 000), sin coma<\/li><li>N\u00fameros del uno al diez, con letra en vez de n\u00famero Porcentajes: dejar un espacio entre el n\u00famero y el signo porcentual (33 %)<\/li><\/ul><p><strong>Recomendaciones adicionales:<\/strong><\/p><p>Cien (por su f\u00e1cil lectura)\u00a0\u00a0 \u00a0 \u00a0 \u00a0\u00a0En lugar de\u00a0 \u00a0 \u00a0 \u00a0 \u00a0 \u00a0 \u00a0 \u00a0\u00a0100<\/p><p>Indizada\u00a0 \u00a0 \u00a0 \u00a0 \u00a0 \u00a0 \u00a0 \u00a0 \u00a0 \u00a0 \u00a0 \u00a0 \u00a0 \u00a0 \u00a0 \u00a0 \u00a0 \u00a0 \u00a0 \u00a0 \u00a0 \u00a0 \u00a0 \u00a0 \u00a0 \u00a0 \u00a0 \u00a0 \u00a0 \u00a0 \u00a0 \u00a0 \u00a0 \u00a0 \u00a0 \u00a0 \u00a0 Indexada (deriva de index en ingles)<\/p><p>EE.UU (abreviatura)\u00a0 \u00a0 \u00a0 \u00a0 \u00a0 \u00a0 \u00a0 \u00a0 \u00a0 \u00a0 \u00a0 \u00a0 \u00a0 \u00a0 \u00a0 \u00a0 \u00a0 \u00a0 \u00a0 \u00a0 \u00a0 \u00a0 \u00a0 \u00a0 \u00a0 \u00a0\u00a0 \u00a0EUA (siglas)<\/p><p>Periodo (sin tilde)\u00a0 \u00a0 \u00a0 \u00a0 \u00a0 \u00a0 \u00a0 \u00a0 \u00a0 \u00a0 \u00a0 \u00a0 \u00a0 \u00a0 \u00a0 \u00a0 \u00a0 \u00a0 \u00a0 \u00a0 \u00a0 \u00a0 \u00a0 \u00a0 \u00a0 \u00a0 \u00a0 \u00a0 \u00a0\u00a0Per\u00edodo<\/p><p>Coloquios, simposios campus (plural en espa\u00f1ol)\u00a0 \u00a0\u00a0Coloquia, simposia, campi (forma latina en plural)<\/p><p><strong><em>Nota importante<\/em><\/strong><\/p><p>Al final del documento, incluir los datos de contacto:<\/p><ul><li>Departamento de adscripci\u00f3n<\/li><li>Tel\u00e9fonos de oficina, particular y celular vigentes en los que se le pueda localizar<\/li><li>Correo electr\u00f3nico, que revise cotidianamente<\/li><\/ul><\/div><\/div>\t\t\t\t\t\t\t\t<\/div>\n\t\t\t\t\t<\/div>\n\t\t\t\t<\/div>\n\t\t<div class=\"elementor-element elementor-element-4784615 e-flex e-con-boxed e-con e-parent\" data-id=\"4784615\" data-element_type=\"container\">\n\t\t\t\t\t<div class=\"e-con-inner\">\n\t\t\t\t<div class=\"elementor-element elementor-element-6b75bb9 elementor-widget-divider--view-line elementor-widget elementor-widget-divider\" data-id=\"6b75bb9\" data-element_type=\"widget\" data-widget_type=\"divider.default\">\n\t\t\t\t\t\t\t<div class=\"elementor-divider\">\n\t\t\t<span class=\"elementor-divider-separator\">\n\t\t\t\t\t\t<\/span>\n\t\t<\/div>\n\t\t\t\t\t\t<\/div>\n\t\t\t\t\t<\/div>\n\t\t\t\t<\/div>\n\t\t<div class=\"elementor-element elementor-element-5480ff8 e-flex e-con-boxed e-con e-parent\" data-id=\"5480ff8\" data-element_type=\"container\">\n\t\t\t\t\t<div class=\"e-con-inner\">\n\t\t\t\t<div class=\"elementor-element elementor-element-7fb1519 elementor-widget elementor-widget-spacer\" data-id=\"7fb1519\" data-element_type=\"widget\" data-widget_type=\"spacer.default\">\n\t\t\t\t\t\t\t<div class=\"elementor-spacer\">\n\t\t\t<div class=\"elementor-spacer-inner\"><\/div>\n\t\t<\/div>\n\t\t\t\t\t\t<\/div>\n\t\t\t\t\t<\/div>\n\t\t\t\t<\/div>\n\t\t\t\t<\/div>\n\t\t","protected":false},"excerpt":{"rendered":"<p>C\u00c1TEDRAS Con fundamento en el Reglamento del Sistema de C\u00e1tedras y Est\u00edmulos Especiales de la Universidad Nacional Aut\u00f3noma de M\u00e9xico, la Facultad de Arquitectura de la UNAM public\u00f3 el 4 de febrero de 2025 en la Gaceta UNAM las convocatorias de las C\u00e1tedras Especiales. Douglas Scott, en el \u00e1rea de Dise\u00f1o Industrial Javier Garc\u00eda Lascur\u00e1in, [&hellip;]<\/p>\n","protected":false},"author":1,"featured_media":0,"parent":0,"menu_order":0,"comment_status":"closed","ping_status":"closed","template":"","meta":{"footnotes":""},"class_list":["post-1156","page","type-page","status-publish","hentry"],"_links":{"self":[{"href":"https:\/\/fa.dtx.mx\/index.php?rest_route=\/wp\/v2\/pages\/1156","targetHints":{"allow":["GET"]}}],"collection":[{"href":"https:\/\/fa.dtx.mx\/index.php?rest_route=\/wp\/v2\/pages"}],"about":[{"href":"https:\/\/fa.dtx.mx\/index.php?rest_route=\/wp\/v2\/types\/page"}],"author":[{"embeddable":true,"href":"https:\/\/fa.dtx.mx\/index.php?rest_route=\/wp\/v2\/users\/1"}],"replies":[{"embeddable":true,"href":"https:\/\/fa.dtx.mx\/index.php?rest_route=%2Fwp%2Fv2%2Fcomments&post=1156"}],"version-history":[{"count":7,"href":"https:\/\/fa.dtx.mx\/index.php?rest_route=\/wp\/v2\/pages\/1156\/revisions"}],"predecessor-version":[{"id":1276,"href":"https:\/\/fa.dtx.mx\/index.php?rest_route=\/wp\/v2\/pages\/1156\/revisions\/1276"}],"wp:attachment":[{"href":"https:\/\/fa.dtx.mx\/index.php?rest_route=%2Fwp%2Fv2%2Fmedia&parent=1156"}],"curies":[{"name":"wp","href":"https:\/\/api.w.org\/{rel}","templated":true}]}}