{"id":1142,"date":"2025-10-30T19:22:39","date_gmt":"2025-10-30T19:22:39","guid":{"rendered":"https:\/\/fa.dtx.mx\/?page_id=1142"},"modified":"2025-11-09T19:04:32","modified_gmt":"2025-11-09T19:04:32","slug":"consejo","status":"publish","type":"page","link":"https:\/\/fa.dtx.mx\/?page_id=1142","title":{"rendered":"CONSEJO"},"content":{"rendered":"\t\t<div data-elementor-type=\"wp-page\" data-elementor-id=\"1142\" class=\"elementor elementor-1142\" data-elementor-post-type=\"page\">\n\t\t\t\t<div class=\"elementor-element elementor-element-8ac10ec e-flex e-con-boxed e-con e-parent\" data-id=\"8ac10ec\" data-element_type=\"container\">\n\t\t\t\t\t<div class=\"e-con-inner\">\n\t\t\t\t<div class=\"elementor-element elementor-element-c3f0947 elementor-widget-divider--view-line elementor-widget elementor-widget-divider\" data-id=\"c3f0947\" data-element_type=\"widget\" data-widget_type=\"divider.default\">\n\t\t\t\t\t\t\t<div class=\"elementor-divider\">\n\t\t\t<span class=\"elementor-divider-separator\">\n\t\t\t\t\t\t<\/span>\n\t\t<\/div>\n\t\t\t\t\t\t<\/div>\n\t\t\t\t\t<\/div>\n\t\t\t\t<\/div>\n\t\t<div class=\"elementor-element elementor-element-9913157 e-flex e-con-boxed e-con e-parent\" data-id=\"9913157\" data-element_type=\"container\">\n\t\t\t\t\t<div class=\"e-con-inner\">\n\t\t\t\t<div class=\"elementor-element elementor-element-fb853a9 elementor-widget elementor-widget-heading\" data-id=\"fb853a9\" data-element_type=\"widget\" data-widget_type=\"heading.default\">\n\t\t\t\t\t<h2 class=\"elementor-heading-title elementor-size-default\">CONSEJO T\u00c9CNICO<\/h2>\t\t\t\t<\/div>\n\t\t\t\t<div class=\"elementor-element elementor-element-3063df8 elementor-widget-divider--view-line elementor-widget elementor-widget-divider\" data-id=\"3063df8\" data-element_type=\"widget\" data-widget_type=\"divider.default\">\n\t\t\t\t\t\t\t<div class=\"elementor-divider\">\n\t\t\t<span class=\"elementor-divider-separator\">\n\t\t\t\t\t\t<\/span>\n\t\t<\/div>\n\t\t\t\t\t\t<\/div>\n\t\t\t\t\t<\/div>\n\t\t\t\t<\/div>\n\t\t<div class=\"elementor-element elementor-element-64d1dea e-grid e-con-boxed e-con e-parent\" data-id=\"64d1dea\" data-element_type=\"container\">\n\t\t\t\t\t<div class=\"e-con-inner\">\n\t\t\t\t<div class=\"elementor-element elementor-element-395af5c elementor-align-justify e-transform elementor-invisible elementor-widget elementor-widget-button\" data-id=\"395af5c\" data-element_type=\"widget\" data-settings=\"{&quot;_animation&quot;:&quot;fadeInDown&quot;,&quot;_transform_scale_effect_hover&quot;:{&quot;unit&quot;:&quot;px&quot;,&quot;size&quot;:0.90000000000000002220446049250313080847263336181640625,&quot;sizes&quot;:[]},&quot;_transform_scale_effect_hover_tablet&quot;:{&quot;unit&quot;:&quot;px&quot;,&quot;size&quot;:&quot;&quot;,&quot;sizes&quot;:[]},&quot;_transform_scale_effect_hover_mobile&quot;:{&quot;unit&quot;:&quot;px&quot;,&quot;size&quot;:&quot;&quot;,&quot;sizes&quot;:[]}}\" data-widget_type=\"button.default\">\n\t\t\t\t\t\t\t\t\t\t<a class=\"elementor-button elementor-button-link elementor-size-sm\" href=\"https:\/\/sites.google.com\/fa.unam.mx\/elecciones\/\">\n\t\t\t\t\t\t<span class=\"elementor-button-content-wrapper\">\n\t\t\t\t\t\t\t\t\t<span class=\"elementor-button-text\">ELECCIONES FA<\/span>\n\t\t\t\t\t<\/span>\n\t\t\t\t\t<\/a>\n\t\t\t\t\t\t\t\t<\/div>\n\t\t\t\t<div class=\"elementor-element elementor-element-e3d5069 elementor-widget elementor-widget-text-editor\" data-id=\"e3d5069\" data-element_type=\"widget\" data-widget_type=\"text-editor.default\">\n\t\t\t\t\t\t\t\t\t<div class=\"w-full lg:w-2\/3 lg:border-r-[0.25px] lg:border-[#615d59]\"><div class=\"px-5 lg:px-[52px] py-9 lg:py-[52px]\">\u00a0<\/div><\/div><div class=\"w-full lg:w-1\/3\"><div class=\"px-5 lg:px-[52px] py-9 lg:py-[52px]\"><div class=\"\"><p class=\"text-[#615d59] tracking-[0.15em] mb-2\"><span dir=\"auto\" style=\"vertical-align: inherit;\"><span dir=\"auto\" style=\"vertical-align: inherit;\">COORDINADOR DE APOYO A CUERPOS COLEGIADOS<\/span><\/span><\/p><div class=\"pl-4\"><p><strong><span dir=\"auto\" style=\"vertical-align: inherit;\"><span dir=\"auto\" style=\"vertical-align: inherit;\">Mtro. Jorge Enrique P\u00e1ez Vieyra<\/span><\/span><\/strong><\/p><\/div><\/div><\/div><\/div>\t\t\t\t\t\t\t\t<\/div>\n\t\t\t\t\t<\/div>\n\t\t\t\t<\/div>\n\t\t<div class=\"elementor-element elementor-element-ae69819 e-flex e-con-boxed e-con e-parent\" data-id=\"ae69819\" data-element_type=\"container\">\n\t\t\t\t\t<div class=\"e-con-inner\">\n\t\t\t\t<div class=\"elementor-element elementor-element-30fe1c1 elementor-widget-divider--view-line elementor-widget elementor-widget-divider\" data-id=\"30fe1c1\" data-element_type=\"widget\" data-widget_type=\"divider.default\">\n\t\t\t\t\t\t\t<div class=\"elementor-divider\">\n\t\t\t<span class=\"elementor-divider-separator\">\n\t\t\t\t\t\t<\/span>\n\t\t<\/div>\n\t\t\t\t\t\t<\/div>\n\t\t\t\t<div class=\"elementor-element elementor-element-3fc2ac0 elementor-widget elementor-widget-text-editor\" data-id=\"3fc2ac0\" data-element_type=\"widget\" data-widget_type=\"text-editor.default\">\n\t\t\t\t\t\t\t\t\t<div class=\"px-5 lg:px-[52px] py-9 lg:py-[54px]    \"><div class=\"w-full max-w-[820px] mx-auto\"><div class=\"text text-xl space-y-4\"><p>El Honorable Consejo T\u00e9cnico es la m\u00e1xima autoridad de decisi\u00f3n de la Facultad. Profesoras y profesores,\u00a0alumnas y alumnos\u00a0de las licenciaturas en Arquitectura, Dise\u00f1o Industrial, Urbanismo y Arquitectura de\u00a0Paisaje; as\u00ed como investigadores del Centro de Investigaciones en Arquitectura, Urbanismo y Paisaje;\u00a0profesores de los Seminarios de \u00c1rea de Arquitectura y de los Programas de Posgrado; y los\u00a0T\u00e9cnicos (as)\u00a0Acad\u00e9micos de la Facultad est\u00e1n representados en el. Son invitados permanentes con voz\u00a0el alumnado y el profesorado\u00a0los \u00a0representante de la comunidad ante el Consejo Universitario y\u00a0los Consejos de \u00c1rea de la UNAM.<\/p><p>El H. Consejo T\u00e9cnico se organiza cuatrienalmente en Comisiones de trabajo. Cada una de estas\u00a0trata los diferentes asuntos que requieren atenci\u00f3n y decisi\u00f3n colegiada: Honor y Justicia; Trabajo\u00a0Acad\u00e9mico; Personal Acad\u00e9mico; Seguridad y Vigilancia; Difusi\u00f3n Cultural; Extensi\u00f3n Universitaria,\u00a0Servicio Social y Pr\u00e1ctica Profesional; Reglamentos y Asuntos Escolares.<\/p><p>Dentro de sus funciones se encuentra el estudio y el dictamen de los proyectos e iniciativas presentadas\u00a0por el Rector, el director (a), el profesorado y el alumnado, as\u00ed como de aquellas propuestas que surjan\u00a0durante sus sesiones. Lleva a cabo tambi\u00e9n, las revisiones de los planes y programas de estudio,\u00a0dictamina los nombramientos y promoci\u00f3n del profesorado, las becas, estancias de investigaci\u00f3n,\u00a0c\u00e1tedras extraordinarias y especiales y premios que otorga la UNAM.<\/p><\/div><\/div><\/div><div class=\"px-5 lg:px-[52px] py-9 lg:py-[54px]    \"><div class=\"w-full max-w-[820px] mx-auto\"><h3 class=\"text-[30px] leading-[34px] lg:text-[40px] lg:leading-[48px] font-medium text-[#615d59] mb-[32px]\">\u00bfSab\u00edas qu\u00e9?<\/h3><div class=\"text text-xl space-y-4\"><p>Todo el alumnado est\u00e1 representados en el H. Consejo T\u00e9cnico a trav\u00e9s del consejero (a) t\u00e9cnico de su licenciatura y de cada uno de los diecis\u00e9is Talleres de Arquitectura; suman veinte consejeros t\u00e9cnicos (as) conformado por alumnos y alumnas en total. Para ubicar a tus representantes, puedes acudir a la coordinaci\u00f3n de tu licenciatura, taller o \u00e1rea, o bien a la Unidad de Apoyo a Cuerpos Colegiados. Listamos a continuaci\u00f3n las \u00e1reas representadas por alumnos ante el H. Consejo T\u00e9cnico:<\/p><\/div><\/div><\/div>\t\t\t\t\t\t\t\t<\/div>\n\t\t\t\t\t<\/div>\n\t\t\t\t<\/div>\n\t\t<div class=\"elementor-element elementor-element-6955253 e-flex e-con-boxed e-con e-parent\" data-id=\"6955253\" data-element_type=\"container\">\n\t\t\t\t\t<div class=\"e-con-inner\">\n\t\t\t\t<div class=\"elementor-element elementor-element-aa592c2 elementor-widget-divider--view-line elementor-widget elementor-widget-divider\" data-id=\"aa592c2\" data-element_type=\"widget\" data-widget_type=\"divider.default\">\n\t\t\t\t\t\t\t<div class=\"elementor-divider\">\n\t\t\t<span class=\"elementor-divider-separator\">\n\t\t\t\t\t\t<\/span>\n\t\t<\/div>\n\t\t\t\t\t\t<\/div>\n\t\t\t\t\t<\/div>\n\t\t\t\t<\/div>\n\t\t\t\t<\/div>\n\t\t","protected":false},"excerpt":{"rendered":"<p>CONSEJO T\u00c9CNICO ELECCIONES FA \u00a0 COORDINADOR DE APOYO A CUERPOS COLEGIADOS Mtro. Jorge Enrique P\u00e1ez Vieyra El Honorable Consejo T\u00e9cnico es la m\u00e1xima autoridad de decisi\u00f3n de la Facultad. Profesoras y profesores,\u00a0alumnas y alumnos\u00a0de las licenciaturas en Arquitectura, Dise\u00f1o Industrial, Urbanismo y Arquitectura de\u00a0Paisaje; as\u00ed como investigadores del Centro de Investigaciones en Arquitectura, Urbanismo y [&hellip;]<\/p>\n","protected":false},"author":1,"featured_media":0,"parent":0,"menu_order":0,"comment_status":"closed","ping_status":"closed","template":"","meta":{"footnotes":""},"class_list":["post-1142","page","type-page","status-publish","hentry"],"_links":{"self":[{"href":"https:\/\/fa.dtx.mx\/index.php?rest_route=\/wp\/v2\/pages\/1142","targetHints":{"allow":["GET"]}}],"collection":[{"href":"https:\/\/fa.dtx.mx\/index.php?rest_route=\/wp\/v2\/pages"}],"about":[{"href":"https:\/\/fa.dtx.mx\/index.php?rest_route=\/wp\/v2\/types\/page"}],"author":[{"embeddable":true,"href":"https:\/\/fa.dtx.mx\/index.php?rest_route=\/wp\/v2\/users\/1"}],"replies":[{"embeddable":true,"href":"https:\/\/fa.dtx.mx\/index.php?rest_route=%2Fwp%2Fv2%2Fcomments&post=1142"}],"version-history":[{"count":10,"href":"https:\/\/fa.dtx.mx\/index.php?rest_route=\/wp\/v2\/pages\/1142\/revisions"}],"predecessor-version":[{"id":1490,"href":"https:\/\/fa.dtx.mx\/index.php?rest_route=\/wp\/v2\/pages\/1142\/revisions\/1490"}],"wp:attachment":[{"href":"https:\/\/fa.dtx.mx\/index.php?rest_route=%2Fwp%2Fv2%2Fmedia&parent=1142"}],"curies":[{"name":"wp","href":"https:\/\/api.w.org\/{rel}","templated":true}]}}