{"id":1132,"date":"2025-10-30T19:21:04","date_gmt":"2025-10-30T19:21:04","guid":{"rendered":"https:\/\/fa.dtx.mx\/?page_id=1132"},"modified":"2025-11-09T21:27:50","modified_gmt":"2025-11-09T21:27:50","slug":"secretaria","status":"publish","type":"page","link":"https:\/\/fa.dtx.mx\/?page_id=1132","title":{"rendered":"SECRETAR\u00cdA"},"content":{"rendered":"\t\t<div data-elementor-type=\"wp-page\" data-elementor-id=\"1132\" class=\"elementor elementor-1132\" data-elementor-post-type=\"page\">\n\t\t\t\t<div class=\"elementor-element elementor-element-1ad8c62 e-flex e-con-boxed e-con e-parent\" data-id=\"1ad8c62\" data-element_type=\"container\">\n\t\t\t\t\t<div class=\"e-con-inner\">\n\t\t\t\t<div class=\"elementor-element elementor-element-312dbd8 elementor-widget-divider--view-line elementor-widget elementor-widget-divider\" data-id=\"312dbd8\" data-element_type=\"widget\" data-widget_type=\"divider.default\">\n\t\t\t\t\t\t\t<div class=\"elementor-divider\">\n\t\t\t<span class=\"elementor-divider-separator\">\n\t\t\t\t\t\t<\/span>\n\t\t<\/div>\n\t\t\t\t\t\t<\/div>\n\t\t\t\t\t<\/div>\n\t\t\t\t<\/div>\n\t\t<div class=\"elementor-element elementor-element-0e55607 e-flex e-con-boxed e-con e-parent\" data-id=\"0e55607\" data-element_type=\"container\">\n\t\t\t\t\t<div class=\"e-con-inner\">\n\t\t\t\t<div class=\"elementor-element elementor-element-cfc6645 elementor-widget elementor-widget-heading\" data-id=\"cfc6645\" data-element_type=\"widget\" data-widget_type=\"heading.default\">\n\t\t\t\t\t<h2 class=\"elementor-heading-title elementor-size-default\">SECRETAR\u00cdA GENERAL<\/h2>\t\t\t\t<\/div>\n\t\t\t\t\t<\/div>\n\t\t\t\t<\/div>\n\t\t<div class=\"elementor-element elementor-element-91a0e13 e-flex e-con-boxed e-con e-parent\" data-id=\"91a0e13\" data-element_type=\"container\">\n\t\t\t\t\t<div class=\"e-con-inner\">\n\t\t\t\t<div class=\"elementor-element elementor-element-a89d92a elementor-widget-divider--view-line elementor-widget elementor-widget-divider\" data-id=\"a89d92a\" data-element_type=\"widget\" data-widget_type=\"divider.default\">\n\t\t\t\t\t\t\t<div class=\"elementor-divider\">\n\t\t\t<span class=\"elementor-divider-separator\">\n\t\t\t\t\t\t<\/span>\n\t\t<\/div>\n\t\t\t\t\t\t<\/div>\n\t\t\t\t\t<\/div>\n\t\t\t\t<\/div>\n\t\t<div class=\"elementor-element elementor-element-6376bcf e-flex e-con-boxed e-con e-parent\" data-id=\"6376bcf\" data-element_type=\"container\">\n\t\t\t\t\t<div class=\"e-con-inner\">\n\t\t<div class=\"elementor-element elementor-element-cee5ed3 e-grid e-con-full e-con e-child\" data-id=\"cee5ed3\" data-element_type=\"container\">\n\t\t\t\t<div class=\"elementor-element elementor-element-fc4cac7 elementor-widget elementor-widget-text-editor\" data-id=\"fc4cac7\" data-element_type=\"widget\" data-widget_type=\"text-editor.default\">\n\t\t\t\t\t\t\t\t\t<div class=\"mb-2\"><p class=\"text-[#615d59] uppercase tracking-[0.15em]\"><strong>SECRETAR\u00cdA GENERAL<\/strong><\/p><p class=\"text-[#615d59] uppercase tracking-[0.15em]\">La Secretar\u00eda General de la Facultad de Arquitectura es la instancia encargada de coordinar, supervisar y dar seguimiento al desarrollo acad\u00e9mico, administrativo y normativo de las distintas \u00e1reas que integran la Facultad. Su labor se orienta al cumplimiento de la Legislaci\u00f3n Universitaria y de los objetivos institucionales de la Universidad Nacional Aut\u00f3noma de M\u00e9xico, contribuyendo al fortalecimiento de las funciones sustantivas de docencia, investigaci\u00f3n, extensi\u00f3n y difusi\u00f3n de la cultura.<\/p><\/div><div class=\"text  space-y-4\"><p>Entre sus responsabilidades se encuentra apoyar a la Direcci\u00f3n en la planeaci\u00f3n, ejecuci\u00f3n y evaluaci\u00f3n de los programas acad\u00e9micos y administrativos, as\u00ed como en la aplicaci\u00f3n de los acuerdos emanados del H. Consejo T\u00e9cnico. Asimismo funge como enlace entre la Direcci\u00f3n y las Secretar\u00edas, Coordinaciones, Departamentos y dem\u00e1s instancias universitarias, garantizando una comunicaci\u00f3n eficaz y una gesti\u00f3n integral de los procesos institucionales.<\/p><p>El Secretario General participa tambi\u00e9n en la formulaci\u00f3n de proyectos estrat\u00e9gicos, en la revisi\u00f3n de la normatividad interna y en la supervisi\u00f3n de los procedimientos administrativos relacionados con la operaci\u00f3n cotidiana de la Facultad. Entre sus atribuciones se encuentra la autorizaci\u00f3n de las pr\u00e1cticas de campo realizadas por los alumnos, as\u00ed como el resguardo y validaci\u00f3n de la documentaci\u00f3n oficial.<\/p><p>La Secretar\u00eda General constituye un eje fundamental en la articulaci\u00f3n de la vida acad\u00e9mica y administrativa de la Facultad de Arquitectura, asegurando el cumplimiento de la normatividad universitaria y contribuyendo al fortalecimiento institucional, la transparencia y la excelencia acad\u00e9mica.<\/p><\/div>\t\t\t\t\t\t\t\t<\/div>\n\t\t\t\t<div class=\"elementor-element elementor-element-e634fea elementor-widget elementor-widget-text-editor\" data-id=\"e634fea\" data-element_type=\"widget\" data-widget_type=\"text-editor.default\">\n\t\t\t\t\t\t\t\t\t<p class=\"text-[#615d59] tracking-[0.15em] mb-2\">SECRETAR\u00cdA GENERAL<\/p><div class=\"pl-4\"><p><strong>Dr. Pablo Francisco G\u00f3mez Porter<\/strong><\/p><p>s.general@fa.unam.mx<br \/><br \/><\/p><p>Asistente<\/p><p>Arq. Eliza Rivera Olmedo<\/p><\/div>\t\t\t\t\t\t\t\t<\/div>\n\t\t\t\t<\/div>\n\t\t\t\t\t<\/div>\n\t\t\t\t<\/div>\n\t\t<div class=\"elementor-element elementor-element-8c6a437 e-flex e-con-boxed e-con e-parent\" data-id=\"8c6a437\" data-element_type=\"container\">\n\t\t\t\t\t<div class=\"e-con-inner\">\n\t\t\t\t<div class=\"elementor-element elementor-element-2d7e361 elementor-widget-divider--view-line elementor-widget elementor-widget-divider\" data-id=\"2d7e361\" data-element_type=\"widget\" data-widget_type=\"divider.default\">\n\t\t\t\t\t\t\t<div class=\"elementor-divider\">\n\t\t\t<span class=\"elementor-divider-separator\">\n\t\t\t\t\t\t<\/span>\n\t\t<\/div>\n\t\t\t\t\t\t<\/div>\n\t\t\t\t\t<\/div>\n\t\t\t\t<\/div>\n\t\t<div class=\"elementor-element elementor-element-9648f9d e-flex e-con-boxed e-con e-parent\" data-id=\"9648f9d\" data-element_type=\"container\">\n\t\t\t\t\t<div class=\"e-con-inner\">\n\t\t\t\t<div class=\"elementor-element elementor-element-b17d362 elementor-widget elementor-widget-text-editor\" data-id=\"b17d362\" data-element_type=\"widget\" data-widget_type=\"text-editor.default\">\n\t\t\t\t\t\t\t\t\t<div class=\"mb-2\"><h5 class=\"text-[#615d59] uppercase tracking-[0.15em]\"><strong>SEMBLANZA CURRICULAR<\/strong><\/h5><\/div><div class=\"text  space-y-4\"><p><strong>DR. EN ARQ. PABLO FRANCISCO G\u00d3MEZ PORTER <\/strong><\/p><p>Noviembre 2025<\/p><p>Es Arquitecto, Maestro y Doctor en Arquitectura por la Universidad Nacional Aut\u00f3noma de M\u00e9xico (UNAM); actualmente se desempe\u00f1a como Secretario General de la Facultad de Arquitectura de la UNAM y Profesor Titular de Tiempo Completo. Asimismo, se desempe\u00f1\u00f3 como coordinador del \u00c1rea de Teor\u00eda, Historia e Investigaci\u00f3n, de la entidad acad\u00e9mica.<\/p><p>En 2022 obtuvo el Premio Universidad Nacional para J\u00f3venes Acad\u00e9micos en el \u00e1rea de arquitectura y dise\u00f1o. Es miembro del Sistema Nacional de Investigadoras e Investigadores de la SECIHTI; acad\u00e9mico de n\u00famero de la Academia Nacional de Arquitectura; miembro de n\u00famero del Comit\u00e9 Internacional de Documentaci\u00f3n y Conservaci\u00f3n de Edificios, Sitios y<\/p><p>Barrios del Movimiento Moderno (Docomomo, por sus siglas en ingl\u00e9s) y del Consejo Internacional de Sitios y Monumentos (ICOMOS) donde coordina el Comit\u00e9 Cient\u00edfico de Patrimonio Inmaterial. Es integrante de la Comisi\u00f3n Acad\u00e9mica de la Asociaci\u00f3n de Instituciones de Ense\u00f1anza de la Arquitectura de la Rep\u00fablica Mexicana (ASINEA) por la regi\u00f3n metropolitana.<\/p><p>En el \u00e1mbito p\u00fablico se ha desempe\u00f1ado como Coordinador Nacional de Centros Hist\u00f3ricos en SEDESOL y como Secretario Acad\u00e9mico y de Investigaci\u00f3n de la Escuela Nacional de Conservaci\u00f3n Restauraci\u00f3n y Museograf\u00eda (ENCRyM) del INAH.<\/p><\/div>\t\t\t\t\t\t\t\t<\/div>\n\t\t\t\t\t<\/div>\n\t\t\t\t<\/div>\n\t\t<div class=\"elementor-element elementor-element-f7012c7 e-flex e-con-boxed e-con e-parent\" data-id=\"f7012c7\" data-element_type=\"container\">\n\t\t\t\t\t<div class=\"e-con-inner\">\n\t\t\t\t<div class=\"elementor-element elementor-element-0daa8c5 elementor-widget-divider--view-line elementor-widget elementor-widget-divider\" data-id=\"0daa8c5\" data-element_type=\"widget\" data-widget_type=\"divider.default\">\n\t\t\t\t\t\t\t<div class=\"elementor-divider\">\n\t\t\t<span class=\"elementor-divider-separator\">\n\t\t\t\t\t\t<\/span>\n\t\t<\/div>\n\t\t\t\t\t\t<\/div>\n\t\t\t\t\t<\/div>\n\t\t\t\t<\/div>\n\t\t\t\t<\/div>\n\t\t","protected":false},"excerpt":{"rendered":"<p>SECRETAR\u00cdA GENERAL SECRETAR\u00cdA GENERAL La Secretar\u00eda General de la Facultad de Arquitectura es la instancia encargada de coordinar, supervisar y dar seguimiento al desarrollo acad\u00e9mico, administrativo y normativo de las distintas \u00e1reas que integran la Facultad. Su labor se orienta al cumplimiento de la Legislaci\u00f3n Universitaria y de los objetivos institucionales de la Universidad Nacional [&hellip;]<\/p>\n","protected":false},"author":1,"featured_media":0,"parent":0,"menu_order":0,"comment_status":"closed","ping_status":"closed","template":"","meta":{"footnotes":""},"class_list":["post-1132","page","type-page","status-publish","hentry"],"_links":{"self":[{"href":"https:\/\/fa.dtx.mx\/index.php?rest_route=\/wp\/v2\/pages\/1132","targetHints":{"allow":["GET"]}}],"collection":[{"href":"https:\/\/fa.dtx.mx\/index.php?rest_route=\/wp\/v2\/pages"}],"about":[{"href":"https:\/\/fa.dtx.mx\/index.php?rest_route=\/wp\/v2\/types\/page"}],"author":[{"embeddable":true,"href":"https:\/\/fa.dtx.mx\/index.php?rest_route=\/wp\/v2\/users\/1"}],"replies":[{"embeddable":true,"href":"https:\/\/fa.dtx.mx\/index.php?rest_route=%2Fwp%2Fv2%2Fcomments&post=1132"}],"version-history":[{"count":4,"href":"https:\/\/fa.dtx.mx\/index.php?rest_route=\/wp\/v2\/pages\/1132\/revisions"}],"predecessor-version":[{"id":1512,"href":"https:\/\/fa.dtx.mx\/index.php?rest_route=\/wp\/v2\/pages\/1132\/revisions\/1512"}],"wp:attachment":[{"href":"https:\/\/fa.dtx.mx\/index.php?rest_route=%2Fwp%2Fv2%2Fmedia&parent=1132"}],"curies":[{"name":"wp","href":"https:\/\/api.w.org\/{rel}","templated":true}]}}