{"id":1125,"date":"2025-10-30T19:18:15","date_gmt":"2025-10-30T19:18:15","guid":{"rendered":"https:\/\/fa.dtx.mx\/?page_id=1125"},"modified":"2025-11-10T18:40:27","modified_gmt":"2025-11-10T18:40:27","slug":"vinculacion","status":"publish","type":"page","link":"https:\/\/fa.dtx.mx\/?page_id=1125","title":{"rendered":"VINCULACI\u00d3N"},"content":{"rendered":"\t\t<div data-elementor-type=\"wp-page\" data-elementor-id=\"1125\" class=\"elementor elementor-1125\" data-elementor-post-type=\"page\">\n\t\t\t\t<div class=\"elementor-element elementor-element-9085769 e-flex e-con-boxed e-con e-parent\" data-id=\"9085769\" data-element_type=\"container\">\n\t\t\t\t\t<div class=\"e-con-inner\">\n\t\t\t\t<div class=\"elementor-element elementor-element-108de2b elementor-widget elementor-widget-image\" data-id=\"108de2b\" data-element_type=\"widget\" data-widget_type=\"image.default\">\n\t\t\t\t\t\t\t\t\t\t\t\t\t\t\t<img fetchpriority=\"high\" decoding=\"async\" width=\"800\" height=\"534\" src=\"https:\/\/fa.dtx.mx\/wp-content\/uploads\/2025\/10\/surface-945444_1920-1024x683.jpg\" class=\"attachment-large size-large wp-image-1083\" alt=\"\" srcset=\"https:\/\/fa.dtx.mx\/wp-content\/uploads\/2025\/10\/surface-945444_1920-1024x683.jpg 1024w, https:\/\/fa.dtx.mx\/wp-content\/uploads\/2025\/10\/surface-945444_1920-300x200.jpg 300w, https:\/\/fa.dtx.mx\/wp-content\/uploads\/2025\/10\/surface-945444_1920-768x512.jpg 768w, https:\/\/fa.dtx.mx\/wp-content\/uploads\/2025\/10\/surface-945444_1920.jpg 1536w\" sizes=\"(max-width: 800px) 100vw, 800px\" \/>\t\t\t\t\t\t\t\t\t\t\t\t\t\t\t<\/div>\n\t\t\t\t\t<\/div>\n\t\t\t\t<\/div>\n\t\t<div class=\"elementor-element elementor-element-2aa1ce1 e-flex e-con-boxed e-con e-parent\" data-id=\"2aa1ce1\" data-element_type=\"container\">\n\t\t\t\t\t<div class=\"e-con-inner\">\n\t\t\t\t<div class=\"elementor-element elementor-element-4a96c82 elementor-widget-divider--view-line elementor-widget elementor-widget-divider\" data-id=\"4a96c82\" data-element_type=\"widget\" data-widget_type=\"divider.default\">\n\t\t\t\t\t\t\t<div class=\"elementor-divider\">\n\t\t\t<span class=\"elementor-divider-separator\">\n\t\t\t\t\t\t<\/span>\n\t\t<\/div>\n\t\t\t\t\t\t<\/div>\n\t\t\t\t\t<\/div>\n\t\t\t\t<\/div>\n\t\t<div class=\"elementor-element elementor-element-e5f8029 e-flex e-con-boxed e-con e-parent\" data-id=\"e5f8029\" data-element_type=\"container\">\n\t\t\t\t\t<div class=\"e-con-inner\">\n\t\t\t\t<div class=\"elementor-element elementor-element-93e9d22 elementor-widget elementor-widget-heading\" data-id=\"93e9d22\" data-element_type=\"widget\" data-widget_type=\"heading.default\">\n\t\t\t\t\t<h2 class=\"elementor-heading-title elementor-size-default\">VINCULACI\u00d3N<\/h2>\t\t\t\t<\/div>\n\t\t\t\t\t<\/div>\n\t\t\t\t<\/div>\n\t\t<div class=\"elementor-element elementor-element-7ca8b8e e-flex e-con-boxed e-con e-parent\" data-id=\"7ca8b8e\" data-element_type=\"container\">\n\t\t\t\t\t<div class=\"e-con-inner\">\n\t\t\t\t<div class=\"elementor-element elementor-element-b697670 elementor-widget-divider--view-line elementor-widget elementor-widget-divider\" data-id=\"b697670\" data-element_type=\"widget\" data-widget_type=\"divider.default\">\n\t\t\t\t\t\t\t<div class=\"elementor-divider\">\n\t\t\t<span class=\"elementor-divider-separator\">\n\t\t\t\t\t\t<\/span>\n\t\t<\/div>\n\t\t\t\t\t\t<\/div>\n\t\t\t\t\t<\/div>\n\t\t\t\t<\/div>\n\t\t<div class=\"elementor-element elementor-element-8a45a77 e-flex e-con-boxed e-con e-parent\" data-id=\"8a45a77\" data-element_type=\"container\">\n\t\t\t\t\t<div class=\"e-con-inner\">\n\t\t<div class=\"elementor-element elementor-element-2c8d7ce e-grid e-con-full e-con e-child\" data-id=\"2c8d7ce\" data-element_type=\"container\">\n\t\t\t\t<div class=\"elementor-element elementor-element-5f43ba0 elementor-widget elementor-widget-text-editor\" data-id=\"5f43ba0\" data-element_type=\"widget\" data-widget_type=\"text-editor.default\">\n\t\t\t\t\t\t\t\t\t<div class=\"mb-8\"><div class=\"text  space-y-4\"><p>La Facultad de Arquitectura se esfuerza continuamente por estar a la vanguardia acad\u00e9mica y en constante actualizaci\u00f3n, con el objetivo de mantenerse como una de las principales instituciones de arquitectura en el pa\u00eds. Para lograrlo, fomentamos la relaci\u00f3n entre estudiantes y acad\u00e9micos. Adem\u00e1s, estamos dedicados a establecer una conexi\u00f3n s\u00f3lida entre el \u00e1mbito acad\u00e9mico y profesional, tanto dentro de la UNAM como en otras universidades, instituciones p\u00fablicas y privadas, as\u00ed como en entidades nacionales e internacionales.<\/p><p>Nuestra misi\u00f3n es &#8220;Regular e incrementar los nexos de la Facultad con la sociedad, as\u00ed como fortalecer el prestigio acad\u00e9mico, contando con suficiente autoridad en los temas que le conciernen, capaz de influir en la toma de decisiones que afectan el desarrollo urbano-arquitect\u00f3nico de las ciudades y de participar activamente en el crecimiento de nuestro pa\u00eds&#8221;.<\/p><\/div><\/div><div class=\"mb-8\"><div class=\"mb-2\"><h5 class=\"text-[#615d59] uppercase tracking-[0.15em]\">VISI\u00d3N<\/h5><\/div><div class=\"text  space-y-4\"><p>El acto de vincular es una colaboraci\u00f3n conjunta que abarca la regulaci\u00f3n, normalizaci\u00f3n, capacitaci\u00f3n y disciplina. En esencia, somos un filtro interno de la Facultad, encargados de llevar adelante proyectos de investigaci\u00f3n, docencia y tecnolog\u00eda. Esto lo logramos mediante una serie de herramientas de trabajo y un equipo altamente capacitado.<\/p><\/div><\/div><div class=\"\"><div class=\"mb-2\"><h5 class=\"text-[#615d59] uppercase tracking-[0.15em]\">MISI\u00d3N<\/h5><\/div><div class=\"text  space-y-4\"><p>La Coordinaci\u00f3n de Vinculaci\u00f3n contribuye al cumplimiento de esta misi\u00f3n a trav\u00e9s de los lazos que establece, facilitando la realizaci\u00f3n de proyectos de investigaci\u00f3n en los \u00e1mbitos acad\u00e9mico y de desarrollo arquitect\u00f3nico, paisaj\u00edstico, urban\u00edstico y de dise\u00f1o industrial. Estos proyectos son esenciales para mejorar la calidad de vida de la sociedad.<\/p><\/div><\/div>\t\t\t\t\t\t\t\t<\/div>\n\t\t\t\t<div class=\"elementor-element elementor-element-8e27885 elementor-widget elementor-widget-text-editor\" data-id=\"8e27885\" data-element_type=\"widget\" data-widget_type=\"text-editor.default\">\n\t\t\t\t\t\t\t\t\t<p class=\"text-[#615d59] tracking-[0.15em] mb-2\"><span dir=\"auto\" style=\"vertical-align: inherit;\"><span dir=\"auto\" style=\"vertical-align: inherit;\">COORDINADOR DE VINCULACI\u00d3N Y PROYECTOS ESPECIALES<\/span><\/span><\/p><div class=\"pl-4\"><p><strong><span dir=\"auto\" style=\"vertical-align: inherit;\"><span dir=\"auto\" style=\"vertical-align: inherit;\">Arq. V\u00edctor Manuel Ram\u00edrez V\u00e1zquez<\/span><\/span><\/strong><\/p><p><span dir=\"auto\" style=\"vertical-align: inherit;\"><span dir=\"auto\" style=\"vertical-align: inherit;\">55 55 50 33 20 fax: 56 16 22 35<\/span><\/span><\/p><p><span dir=\"auto\" style=\"vertical-align: inherit;\"><span dir=\"auto\" style=\"vertical-align: inherit;\">\u00a0vincupro@gmail.com<\/span><\/span><\/p><p><span dir=\"auto\" style=\"vertical-align: inherit;\"><span dir=\"auto\" style=\"vertical-align: inherit;\">\u00a0vincupro@servidor.unam.mx<\/span><\/span><\/p><p><span dir=\"auto\" style=\"vertical-align: inherit;\"><span dir=\"auto\" style=\"vertical-align: inherit;\">\u00a0vinculacion@correo.arq.unam.mx<\/span><\/span><\/p><\/div>\t\t\t\t\t\t\t\t<\/div>\n\t\t\t\t<\/div>\n\t\t\t\t\t<\/div>\n\t\t\t\t<\/div>\n\t\t<div class=\"elementor-element elementor-element-e061e6c e-flex e-con-boxed e-con e-parent\" data-id=\"e061e6c\" data-element_type=\"container\">\n\t\t\t\t\t<div class=\"e-con-inner\">\n\t\t\t\t<div class=\"elementor-element elementor-element-46e5045 elementor-widget-divider--view-line elementor-widget elementor-widget-divider\" data-id=\"46e5045\" data-element_type=\"widget\" data-widget_type=\"divider.default\">\n\t\t\t\t\t\t\t<div class=\"elementor-divider\">\n\t\t\t<span class=\"elementor-divider-separator\">\n\t\t\t\t\t\t<\/span>\n\t\t<\/div>\n\t\t\t\t\t\t<\/div>\n\t\t\t\t\t<\/div>\n\t\t\t\t<\/div>\n\t\t<div class=\"elementor-element elementor-element-3912e72 e-flex e-con-boxed e-con e-parent\" data-id=\"3912e72\" data-element_type=\"container\">\n\t\t\t\t\t<div class=\"e-con-inner\">\n\t\t\t\t<div class=\"elementor-element elementor-element-96caac2 elementor-widget elementor-widget-spacer\" data-id=\"96caac2\" data-element_type=\"widget\" data-widget_type=\"spacer.default\">\n\t\t\t\t\t\t\t<div class=\"elementor-spacer\">\n\t\t\t<div class=\"elementor-spacer-inner\"><\/div>\n\t\t<\/div>\n\t\t\t\t\t\t<\/div>\n\t\t\t\t\t<\/div>\n\t\t\t\t<\/div>\n\t\t\t\t<\/div>\n\t\t","protected":false},"excerpt":{"rendered":"<p>VINCULACI\u00d3N La Facultad de Arquitectura se esfuerza continuamente por estar a la vanguardia acad\u00e9mica y en constante actualizaci\u00f3n, con el objetivo de mantenerse como una de las principales instituciones de arquitectura en el pa\u00eds. Para lograrlo, fomentamos la relaci\u00f3n entre estudiantes y acad\u00e9micos. Adem\u00e1s, estamos dedicados a establecer una conexi\u00f3n s\u00f3lida entre el \u00e1mbito acad\u00e9mico [&hellip;]<\/p>\n","protected":false},"author":1,"featured_media":0,"parent":0,"menu_order":0,"comment_status":"closed","ping_status":"closed","template":"","meta":{"footnotes":""},"class_list":["post-1125","page","type-page","status-publish","hentry"],"_links":{"self":[{"href":"https:\/\/fa.dtx.mx\/index.php?rest_route=\/wp\/v2\/pages\/1125","targetHints":{"allow":["GET"]}}],"collection":[{"href":"https:\/\/fa.dtx.mx\/index.php?rest_route=\/wp\/v2\/pages"}],"about":[{"href":"https:\/\/fa.dtx.mx\/index.php?rest_route=\/wp\/v2\/types\/page"}],"author":[{"embeddable":true,"href":"https:\/\/fa.dtx.mx\/index.php?rest_route=\/wp\/v2\/users\/1"}],"replies":[{"embeddable":true,"href":"https:\/\/fa.dtx.mx\/index.php?rest_route=%2Fwp%2Fv2%2Fcomments&post=1125"}],"version-history":[{"count":7,"href":"https:\/\/fa.dtx.mx\/index.php?rest_route=\/wp\/v2\/pages\/1125\/revisions"}],"predecessor-version":[{"id":1556,"href":"https:\/\/fa.dtx.mx\/index.php?rest_route=\/wp\/v2\/pages\/1125\/revisions\/1556"}],"wp:attachment":[{"href":"https:\/\/fa.dtx.mx\/index.php?rest_route=%2Fwp%2Fv2%2Fmedia&parent=1125"}],"curies":[{"name":"wp","href":"https:\/\/api.w.org\/{rel}","templated":true}]}}